{"id":684,"date":"2025-05-30T07:46:06","date_gmt":"2025-05-30T05:46:06","guid":{"rendered":"https:\/\/www.laligadelaaccesibilidad.org\/?page_id=684"},"modified":"2025-05-30T07:52:23","modified_gmt":"2025-05-30T05:52:23","slug":"politica-de-cookies-ca","status":"publish","type":"page","link":"https:\/\/www.laligadelaaccesibilidad.org\/?page_id=684&lang=ca","title":{"rendered":"Pol\u00edtica de Cookies"},"content":{"rendered":"\t\t<div data-elementor-type=\"wp-page\" data-elementor-id=\"684\" class=\"elementor elementor-684\" data-elementor-post-type=\"page\">\n\t\t\t\t<div class=\"elementor-element elementor-element-e22cb76 e-flex e-con-boxed e-con e-parent\" data-id=\"e22cb76\" data-element_type=\"container\">\n\t\t\t\t\t<div class=\"e-con-inner\">\n\t\t\t\t<div class=\"elementor-element elementor-element-5a4e954 elementor-widget elementor-widget-heading\" data-id=\"5a4e954\" data-element_type=\"widget\" data-widget_type=\"heading.default\">\n\t\t\t\t<div class=\"elementor-widget-container\">\n\t\t\t\t\t<h1 class=\"elementor-heading-title elementor-size-default\">Pol\u00edtica de Cookies<\/h1>\t\t\t\t<\/div>\n\t\t\t\t<\/div>\n\t\t\t\t\t<\/div>\n\t\t\t\t<\/div>\n\t\t<div class=\"elementor-element elementor-element-905638e e-flex e-con-boxed e-con e-parent\" data-id=\"905638e\" data-element_type=\"container\">\n\t\t\t\t\t<div class=\"e-con-inner\">\n\t\t\t\t<div class=\"elementor-element elementor-element-4b18b3e elementor-widget elementor-widget-text-editor\" data-id=\"4b18b3e\" data-element_type=\"widget\" data-widget_type=\"text-editor.default\">\n\t\t\t\t<div class=\"elementor-widget-container\">\n\t\t\t\t\t\t\t\t\t<h2>Informaci\u00f3 de l\u2019\u00fas de cookies<\/h2><h4><strong>Qu\u00e9 s\u00f3n les cookies?<\/strong><\/h4><p>Les cookies s\u00f3n petits arxius de dades que es reben en el terminal des del lloc web visitat i s\u2019utilitzen per registrar certes interaccions de la navegaci\u00f3 en un lloc web emmagatzemant dades que poden ser actualitzades i recuperades. Aquests arxius s\u2019emmagatzemen a l\u2019ordinador de l\u2019usuari i contenen dades an\u00f2nimes que no s\u00f3n perjudicials per al seu equip. S\u2019utilitzen per recordar les prefer\u00e8ncies de l\u2019usuari, com l\u2019idioma seleccionat, dades d\u2019acc\u00e8s o personalitzacions de la p\u00e0gina.<\/p><p>Les Cookies tamb\u00e9 poden ser utilitzades per registrar informaci\u00f3 an\u00f2nima sobre com un visitant utilitza un lloc. Per exemple, des de quina p\u00e0gina web ha accedit, o si ha utilitzat un \u201cbanner\u201d publicitari per arribar.<\/p><h4><strong>Quin \u00fas li donem a les diferents cookies?<\/strong><\/h4><p><strong>Segons la seva finalitat:<\/strong><\/p><figure class=\"wp-block-table is-style-stripes\"><table><tbody><tr><td><strong>Cookies t\u00e8cniques<\/strong><\/td><td>Les cookies t\u00e8cniques s\u00f3n aquelles que faciliten la navegaci\u00f3 de l\u2019usuari i la utilitzaci\u00f3 de les diferents opcions o serveis que ofereix la web com identificar la sessi\u00f3, permetre l\u2019acc\u00e9s a determinades \u00e0rees, facilitar comandes, compres, completar formularis, inscripcions, seguretat, facilitar funcionalitats (v\u00eddeos, xarxes socials\u2026).<\/td><\/tr><tr><td><strong>Cookies de personalitzaci\u00f3<\/strong><\/td><td>Les cookies de personalitzaci\u00f3 permeten a l\u2019usuari accedir als serveis segons les seves prefer\u00e8ncies (idioma, navegador, configuraci\u00f3\u2026).<\/td><\/tr><tr><td><strong>Cookies anal\u00edtiques<\/strong><\/td><td>Les cookies d\u2019an\u00e0lisi s\u00f3n les utilitzades per portar a terme l\u2019an\u00e0lisi an\u00f2nim del comportament dels usuaris a la web i que permeten mesurar l\u2019activitat de l\u2019usuari i elaborar perfils de navegaci\u00f3 amb l\u2019objectiu de millorar els llocs web.<\/td><\/tr><tr><td><strong>Cookies publicitaries<\/strong><\/td><td>Les cookies publicitaries permeten la gesti\u00f3 dels espais publicitaris de la web. A m\u00e9s, aquestes cookies poden ser de publicitat personalitzada i permetre aix\u00ed la gesti\u00f3 dels espais publicitaris de la web d\u2019acord amb el comportament i h\u00e0bits de navegaci\u00f3 de l\u2019usuari, des d\u2019on s\u2019obt\u00e9 el seu perfil i permet personalitzar la publicita que es mostra en el navegador de l\u2019usuari o altres perfils i xarxes socials de l\u2019usuari.<\/td><\/tr><\/tbody><\/table><\/figure><p><strong>Segons la seva caducitat:<\/strong><\/p><figure class=\"wp-block-table is-style-stripes\"><table><tbody><tr><td><strong>Cookies de sessi\u00f3<\/strong><\/td><td>Les cookies de sessi\u00f3 s\u00f3n aquelles que duren el temps que l\u2019usuari est\u00e0 navegant per la p\u00e0gina web i es borren al tancar el navegador.<\/td><\/tr><tr><td><strong>Cookies persistents<\/strong><\/td><td>Aquestes cookies queden emmagatzemades en el terminal de l\u2019usuari fins que s\u00f3n eliminades manualment o s\u2019acaba el per\u00edode de duraci\u00f3 establert per la cookie.<\/td><\/tr><\/tbody><\/table><\/figure><p><strong>Segons la seva titularitat<\/strong><\/p><figure class=\"wp-block-table is-style-stripes\"><table><tbody><tr><td><strong>Cookies pr\u00f2pies<\/strong><\/td><td>Aquelles que s\u2019envien a l\u2019equip terminal de l\u2019usuari des d\u2019un equip o domini gestionat per el mateix editor i des del que es presta el servei sol\u00b7licitat per l\u2019usuari.<\/td><\/tr><tr><td><strong>Cookies de tercers<\/strong><\/td><td>Aquelles que s\u2019envien a l\u2019equip terminal de l\u2019usuari des d\u2019un equip o domini que no \u00e9s gestionat per l\u2019editor, sin\u00f3 per una altra entitat que tracta les dades obtingudes a trav\u00e9s de les cookies.<\/td><\/tr><\/tbody><\/table><\/figure><p>La seg\u00fcent taula recull la classificaci\u00f3 i descripci\u00f3 de les cookies utilitzades en la present p\u00e0gina web perqu\u00e8 puguis identificar-les en el teu navegador:<\/p><figure class=\"wp-block-table is-style-stripes\"><table><thead><tr><th class=\"has-text-align-center\" data-align=\"center\">Nom<\/th><th class=\"has-text-align-center\" data-align=\"center\">Prove\u00efdor<\/th><th class=\"has-text-align-center\" data-align=\"center\">Titular<\/th><th class=\"has-text-align-center\" data-align=\"center\">Finalitat<\/th><th class=\"has-text-align-center\" data-align=\"center\">Durada<\/th><\/tr><\/thead><tbody><tr><td class=\"has-text-align-center\" data-align=\"center\">ett-client-session<\/td><td class=\"has-text-align-center\" data-align=\"center\">Eurofirms<\/td><td class=\"has-text-align-center\" data-align=\"center\">Propias<\/td><td class=\"has-text-align-center\" data-align=\"center\">Anal\u00edtica<\/td><td class=\"has-text-align-center\" data-align=\"center\">400 dies<\/td><\/tr><tr><td class=\"has-text-align-center\" data-align=\"center\">ett_cookie_acceptance<\/td><td class=\"has-text-align-center\" data-align=\"center\">Eurofirms<\/td><td class=\"has-text-align-center\" data-align=\"center\">Propias<\/td><td class=\"has-text-align-center\" data-align=\"center\">Anal\u00edtica<\/td><td class=\"has-text-align-center\" data-align=\"center\">400 dies<\/td><\/tr><tr><td class=\"has-text-align-center\" data-align=\"center\">login_session<\/td><td class=\"has-text-align-center\" data-align=\"center\">Eurofirms<\/td><td class=\"has-text-align-center\" data-align=\"center\">Propias<\/td><td class=\"has-text-align-center\" data-align=\"center\">Anal\u00edtica<\/td><td class=\"has-text-align-center\" data-align=\"center\">30 dies<\/td><\/tr><tr><td class=\"has-text-align-center\" data-align=\"center\">photo_session<\/td><td class=\"has-text-align-center\" data-align=\"center\">Eurofirms<\/td><td class=\"has-text-align-center\" data-align=\"center\">Propias<\/td><td class=\"has-text-align-center\" data-align=\"center\">Anal\u00edtica<\/td><td class=\"has-text-align-center\" data-align=\"center\">34 dies<\/td><\/tr><tr><td class=\"has-text-align-center\" data-align=\"center\">_ga<\/td><td class=\"has-text-align-center\" data-align=\"center\">Google<\/td><td class=\"has-text-align-center\" data-align=\"center\">Cookie de terceros<\/td><td class=\"has-text-align-center\" data-align=\"center\">Anal\u00edtica<\/td><td class=\"has-text-align-center\" data-align=\"center\">400 dies<\/td><\/tr><tr><td class=\"has-text-align-center\" data-align=\"center\">_ga_[ID]<\/td><td class=\"has-text-align-center\" data-align=\"center\">Google<\/td><td class=\"has-text-align-center\" data-align=\"center\">Cookie de terceros<\/td><td class=\"has-text-align-center\" data-align=\"center\">Anal\u00edtica<\/td><td class=\"has-text-align-center\" data-align=\"center\">400 dies<\/td><\/tr><tr><td class=\"has-text-align-center\" data-align=\"center\">_gcl_au<\/td><td class=\"has-text-align-center\" data-align=\"center\">Google<\/td><td class=\"has-text-align-center\" data-align=\"center\">Cookie de terceros<\/td><td class=\"has-text-align-center\" data-align=\"center\">Publicit\u00e0ria<\/td><td class=\"has-text-align-center\" data-align=\"center\">90 dies<\/td><\/tr><tr><td class=\"has-text-align-center\" data-align=\"center\">_GRECAPTCHA<\/td><td class=\"has-text-align-center\" data-align=\"center\">Google<\/td><td class=\"has-text-align-center\" data-align=\"center\">Cookie de terceros<\/td><td class=\"has-text-align-center\" data-align=\"center\">Seguretat<\/td><td class=\"has-text-align-center\" data-align=\"center\">6 mesos<\/td><\/tr><tr><td class=\"has-text-align-center\" data-align=\"center\">NID<\/td><td class=\"has-text-align-center\" data-align=\"center\">Google<\/td><td class=\"has-text-align-center\" data-align=\"center\">Cookie de terceros<\/td><td class=\"has-text-align-center\" data-align=\"center\">Publicit\u00e0ria<\/td><td class=\"has-text-align-center\" data-align=\"center\">6 mesos<\/td><\/tr><tr><td class=\"has-text-align-center\" data-align=\"center\">_fbp<\/td><td class=\"has-text-align-center\" data-align=\"center\">Facebook<\/td><td class=\"has-text-align-center\" data-align=\"center\">Cookie de terceros<\/td><td class=\"has-text-align-center\" data-align=\"center\">Publicit\u00e0ria<\/td><td class=\"has-text-align-center\" data-align=\"center\">90 dies<\/td><\/tr><tr><td class=\"has-text-align-center\" data-align=\"center\">lang<\/td><td class=\"has-text-align-center\" data-align=\"center\">Linkedin<\/td><td class=\"has-text-align-center\" data-align=\"center\">Cookie de terceros<\/td><td class=\"has-text-align-center\" data-align=\"center\">Personalitzaci\u00f3<\/td><td class=\"has-text-align-center\" data-align=\"center\">Quan finalitzi la sessi\u00f3 d\u2019exploraci\u00f3<\/td><\/tr><tr><td class=\"has-text-align-center\" data-align=\"center\">AnalyticsSyncHistory<\/td><td class=\"has-text-align-center\" data-align=\"center\">Linkedin<\/td><td class=\"has-text-align-center\" data-align=\"center\">Cookie de terceros<\/td><td class=\"has-text-align-center\" data-align=\"center\">Anal\u00edtica<\/td><td class=\"has-text-align-center\" data-align=\"center\">1 mes<\/td><\/tr><tr><td class=\"has-text-align-center\" data-align=\"center\">UserMatchHistory<\/td><td class=\"has-text-align-center\" data-align=\"center\">Linkedin<\/td><td class=\"has-text-align-center\" data-align=\"center\">Cookie de terceros<\/td><td class=\"has-text-align-center\" data-align=\"center\">Anal\u00edtica<\/td><td class=\"has-text-align-center\" data-align=\"center\">1 mes<\/td><\/tr><tr><td class=\"has-text-align-center\" data-align=\"center\">bcookie<\/td><td class=\"has-text-align-center\" data-align=\"center\">Linkedin<\/td><td class=\"has-text-align-center\" data-align=\"center\">Cookie de terceros<\/td><td class=\"has-text-align-center\" data-align=\"center\">Publicit\u00e0ria<\/td><td class=\"has-text-align-center\" data-align=\"center\">1 any<\/td><\/tr><tr><td class=\"has-text-align-center\" data-align=\"center\">li_gc<\/td><td class=\"has-text-align-center\" data-align=\"center\">Linkedin<\/td><td class=\"has-text-align-center\" data-align=\"center\">Cookie de terceros<\/td><td class=\"has-text-align-center\" data-align=\"center\">Publicit\u00e0ria<\/td><td class=\"has-text-align-center\" data-align=\"center\">6 mesos<\/td><\/tr><tr><td class=\"has-text-align-center\" data-align=\"center\">lidc<\/td><td class=\"has-text-align-center\" data-align=\"center\">Linkedin<\/td><td class=\"has-text-align-center\" data-align=\"center\">Cookie de terceros<\/td><td class=\"has-text-align-center\" data-align=\"center\">Publicit\u00e0ria<\/td><td class=\"has-text-align-center\" data-align=\"center\">1 dia<\/td><\/tr><tr><td class=\"has-text-align-center\" data-align=\"center\">_ttp<\/td><td class=\"has-text-align-center\" data-align=\"center\">TikTok<\/td><td class=\"has-text-align-center\" data-align=\"center\">Cookie de terceros<\/td><td class=\"has-text-align-center\" data-align=\"center\">Publicit\u00e0ria<\/td><td class=\"has-text-align-center\" data-align=\"center\">420 dies<\/td><\/tr><\/tbody><\/table><\/figure><p>EUROFIRMS GROUP utilitza cookies t\u00e8cniques, de personalitzaci\u00f3 i an\u00e0lisi pr\u00f2pies, que tracten dades de connexi\u00f3 i\/o del dispositiu, aix\u00ed com h\u00e0bits de navegaci\u00f3 per objectius estad\u00edstics.<\/p><p>Per aix\u00f2, quan accedeix a la nostra web, en compliment de l\u2019article 22 de la Llei de Serveis de la Societat de la Informaci\u00f3 li hem sol\u00b7licitat el seu consentiment pel seu \u00fas.<\/p><p>El subministre de dades personals a trav\u00e9s del nostre portal i el consentiment per l\u2019\u00fas de cookies requereix una edat m\u00ednima de 14 anys i l\u2019acceptaci\u00f3 expressa de la nostra Pol\u00edtica de Privacitat.<\/p><p><strong>De totes maneres, l\u2019informem que pot activar o desactivar les cookies seguint les instruccions des del seu navegador d\u2019Internet:<\/strong><\/p><figure class=\"wp-block-table is-style-stripes\"><table><tbody><tr><td><strong>Chrome<\/strong><\/td><td>Configuraci\u00f3 &gt; Mostrar opcions avan\u00e7ades &gt; Privacitat &gt; Configuraci\u00f3 de contingut<\/td><td><a href=\"http:\/\/support.google.com\/\">support.google.com<\/a><\/td><\/tr><tr><td><strong>Firefox<\/strong><\/td><td>Eines &gt; Opcions &gt; Privacitat &gt; Historial &gt; Configuraci\u00f3 personalitzada<\/td><td><a href=\"http:\/\/support.mozilla.org\/\">support.mozilla.org<\/a><\/td><\/tr><tr><td><strong>Opera<\/strong><\/td><td>Eines &gt; Prefer\u00e8ncies &gt; Editar prefer\u00e8ncies &gt; Cookies<\/td><td><a href=\"http:\/\/opera.com\/help\/tutorials\/security\/cookies\">opera.com\/help\/tutorials\/security\/cookies<\/a><\/td><\/tr><tr><td><strong>Internet Explorer<\/strong><\/td><td>Eines &gt; Opcions d\u2019Internet &gt; Privacitat &gt; Configuraci\u00f3<\/td><td><a href=\"http:\/\/windows.microsoft.com\/\">windows.microsoft.com<\/a><\/td><\/tr><tr><td><strong>Safari<\/strong><\/td><td>Prefer\u00e8ncies &gt; Seguretat<\/td><td><a href=\"http:\/\/apple.com\/\">apple.com<\/a><\/td><\/tr><tr><td><strong>Edge<\/strong><\/td><td>Configuraci\u00f3 &gt; Veure configuraci\u00f3 avan\u00e7ada &gt; Privacitat i serveis &gt; Cookies<\/td><td><a href=\"http:\/\/privacy.microsoft.com\/es-es\/windows-10-microsoft-edge-and-privacy\">privacy.microsoft.com\/es-es\/windows-10-microsoft-edge-and-privacy<\/a><\/td><\/tr><\/tbody><\/table><\/figure>\t\t\t\t\t\t\t\t<\/div>\n\t\t\t\t<\/div>\n\t\t\t\t\t<\/div>\n\t\t\t\t<\/div>\n\t\t\t\t<\/div>\n\t\t","protected":false},"excerpt":{"rendered":"<p>Pol\u00edtica de Cookies Informaci\u00f3 de l\u2019\u00fas de cookies Qu\u00e9 s\u00f3n les cookies? Les cookies s\u00f3n petits arxius de dades que es reben en el terminal des del lloc web visitat i s\u2019utilitzen per registrar certes interaccions de la navegaci\u00f3 en un lloc web emmagatzemant dades que poden ser actualitzades i recuperades. Aquests arxius s\u2019emmagatzemen a [&hellip;]<\/p>\n","protected":false},"author":1,"featured_media":0,"parent":0,"menu_order":0,"comment_status":"closed","ping_status":"closed","template":"","meta":{"footnotes":""},"class_list":["post-684","page","type-page","status-publish","hentry"],"yoast_head":"<!-- This site is optimized with the Yoast SEO plugin v25.1 - https:\/\/yoast.com\/wordpress\/plugins\/seo\/ -->\n<title>Pol\u00edtica de Cookies - laligadelaaccesibilidad-org<\/title>\n<meta name=\"robots\" content=\"index, follow, max-snippet:-1, max-image-preview:large, max-video-preview:-1\" \/>\n<link rel=\"canonical\" href=\"https:\/\/www.laligadelaaccesibilidad.org\/?page_id=684&lang=ca\" \/>\n<meta property=\"og:locale\" content=\"es_ES\" \/>\n<meta property=\"og:type\" content=\"article\" \/>\n<meta property=\"og:title\" content=\"Pol\u00edtica de Cookies - laligadelaaccesibilidad-org\" \/>\n<meta property=\"og:description\" content=\"Pol\u00edtica de Cookies Informaci\u00f3 de l\u2019\u00fas de cookies Qu\u00e9 s\u00f3n les cookies? Les cookies s\u00f3n petits arxius de dades que es reben en el terminal des del lloc web visitat i s\u2019utilitzen per registrar certes interaccions de la navegaci\u00f3 en un lloc web emmagatzemant dades que poden ser actualitzades i recuperades. Aquests arxius s\u2019emmagatzemen a [&hellip;]\" \/>\n<meta property=\"og:url\" content=\"https:\/\/www.laligadelaaccesibilidad.org\/?page_id=684&amp;lang=ca\" \/>\n<meta property=\"og:site_name\" content=\"laligadelaaccesibilidad-org\" \/>\n<meta property=\"article:modified_time\" content=\"2025-05-30T05:52:23+00:00\" \/>\n<meta name=\"twitter:card\" content=\"summary_large_image\" \/>\n<meta name=\"twitter:label1\" content=\"Tiempo de lectura\" \/>\n\t<meta name=\"twitter:data1\" content=\"4 minutos\" \/>\n<script type=\"application\/ld+json\" class=\"yoast-schema-graph\">{\"@context\":\"https:\/\/schema.org\",\"@graph\":[{\"@type\":\"WebPage\",\"@id\":\"https:\/\/www.laligadelaaccesibilidad.org\/?page_id=684&lang=ca\",\"url\":\"https:\/\/www.laligadelaaccesibilidad.org\/?page_id=684&lang=ca\",\"name\":\"Pol\u00edtica de Cookies - laligadelaaccesibilidad-org\",\"isPartOf\":{\"@id\":\"https:\/\/www.laligadelaaccesibilidad.org\/#website\"},\"datePublished\":\"2025-05-30T05:46:06+00:00\",\"dateModified\":\"2025-05-30T05:52:23+00:00\",\"breadcrumb\":{\"@id\":\"https:\/\/www.laligadelaaccesibilidad.org\/?page_id=684&lang=ca#breadcrumb\"},\"inLanguage\":\"es\",\"potentialAction\":[{\"@type\":\"ReadAction\",\"target\":[\"https:\/\/www.laligadelaaccesibilidad.org\/?page_id=684&lang=ca\"]}]},{\"@type\":\"BreadcrumbList\",\"@id\":\"https:\/\/www.laligadelaaccesibilidad.org\/?page_id=684&lang=ca#breadcrumb\",\"itemListElement\":[{\"@type\":\"ListItem\",\"position\":1,\"name\":\"Portada\",\"item\":\"https:\/\/www.laligadelaaccesibilidad.org\/\"},{\"@type\":\"ListItem\",\"position\":2,\"name\":\"Pol\u00edtica de Cookies\"}]},{\"@type\":\"WebSite\",\"@id\":\"https:\/\/www.laligadelaaccesibilidad.org\/#website\",\"url\":\"https:\/\/www.laligadelaaccesibilidad.org\/\",\"name\":\"laligadelaaccesibilidad-org\",\"description\":\"Proyecto innovador 360\u00ba para el bienestar social\",\"publisher\":{\"@id\":\"https:\/\/www.laligadelaaccesibilidad.org\/#organization\"},\"potentialAction\":[{\"@type\":\"SearchAction\",\"target\":{\"@type\":\"EntryPoint\",\"urlTemplate\":\"https:\/\/www.laligadelaaccesibilidad.org\/?s={search_term_string}\"},\"query-input\":{\"@type\":\"PropertyValueSpecification\",\"valueRequired\":true,\"valueName\":\"search_term_string\"}}],\"inLanguage\":\"es\"},{\"@type\":\"Organization\",\"@id\":\"https:\/\/www.laligadelaaccesibilidad.org\/#organization\",\"name\":\"laligadelaaccesibilidad-org\",\"url\":\"https:\/\/www.laligadelaaccesibilidad.org\/\",\"logo\":{\"@type\":\"ImageObject\",\"inLanguage\":\"es\",\"@id\":\"https:\/\/www.laligadelaaccesibilidad.org\/#\/schema\/logo\/image\/\",\"url\":\"https:\/\/www.laligadelaaccesibilidad.org\/wp-content\/uploads\/2025\/05\/Alineat_color.png\",\"contentUrl\":\"https:\/\/www.laligadelaaccesibilidad.org\/wp-content\/uploads\/2025\/05\/Alineat_color.png\",\"width\":380,\"height\":120,\"caption\":\"laligadelaaccesibilidad-org\"},\"image\":{\"@id\":\"https:\/\/www.laligadelaaccesibilidad.org\/#\/schema\/logo\/image\/\"}}]}<\/script>\n<!-- \/ Yoast SEO plugin. -->","yoast_head_json":{"title":"Pol\u00edtica de Cookies - laligadelaaccesibilidad-org","robots":{"index":"index","follow":"follow","max-snippet":"max-snippet:-1","max-image-preview":"max-image-preview:large","max-video-preview":"max-video-preview:-1"},"canonical":"https:\/\/www.laligadelaaccesibilidad.org\/?page_id=684&lang=ca","og_locale":"es_ES","og_type":"article","og_title":"Pol\u00edtica de Cookies - laligadelaaccesibilidad-org","og_description":"Pol\u00edtica de Cookies Informaci\u00f3 de l\u2019\u00fas de cookies Qu\u00e9 s\u00f3n les cookies? Les cookies s\u00f3n petits arxius de dades que es reben en el terminal des del lloc web visitat i s\u2019utilitzen per registrar certes interaccions de la navegaci\u00f3 en un lloc web emmagatzemant dades que poden ser actualitzades i recuperades. Aquests arxius s\u2019emmagatzemen a [&hellip;]","og_url":"https:\/\/www.laligadelaaccesibilidad.org\/?page_id=684&lang=ca","og_site_name":"laligadelaaccesibilidad-org","article_modified_time":"2025-05-30T05:52:23+00:00","twitter_card":"summary_large_image","twitter_misc":{"Tiempo de lectura":"4 minutos"},"schema":{"@context":"https:\/\/schema.org","@graph":[{"@type":"WebPage","@id":"https:\/\/www.laligadelaaccesibilidad.org\/?page_id=684&lang=ca","url":"https:\/\/www.laligadelaaccesibilidad.org\/?page_id=684&lang=ca","name":"Pol\u00edtica de Cookies - laligadelaaccesibilidad-org","isPartOf":{"@id":"https:\/\/www.laligadelaaccesibilidad.org\/#website"},"datePublished":"2025-05-30T05:46:06+00:00","dateModified":"2025-05-30T05:52:23+00:00","breadcrumb":{"@id":"https:\/\/www.laligadelaaccesibilidad.org\/?page_id=684&lang=ca#breadcrumb"},"inLanguage":"es","potentialAction":[{"@type":"ReadAction","target":["https:\/\/www.laligadelaaccesibilidad.org\/?page_id=684&lang=ca"]}]},{"@type":"BreadcrumbList","@id":"https:\/\/www.laligadelaaccesibilidad.org\/?page_id=684&lang=ca#breadcrumb","itemListElement":[{"@type":"ListItem","position":1,"name":"Portada","item":"https:\/\/www.laligadelaaccesibilidad.org\/"},{"@type":"ListItem","position":2,"name":"Pol\u00edtica de Cookies"}]},{"@type":"WebSite","@id":"https:\/\/www.laligadelaaccesibilidad.org\/#website","url":"https:\/\/www.laligadelaaccesibilidad.org\/","name":"laligadelaaccesibilidad-org","description":"Proyecto innovador 360\u00ba para el bienestar social","publisher":{"@id":"https:\/\/www.laligadelaaccesibilidad.org\/#organization"},"potentialAction":[{"@type":"SearchAction","target":{"@type":"EntryPoint","urlTemplate":"https:\/\/www.laligadelaaccesibilidad.org\/?s={search_term_string}"},"query-input":{"@type":"PropertyValueSpecification","valueRequired":true,"valueName":"search_term_string"}}],"inLanguage":"es"},{"@type":"Organization","@id":"https:\/\/www.laligadelaaccesibilidad.org\/#organization","name":"laligadelaaccesibilidad-org","url":"https:\/\/www.laligadelaaccesibilidad.org\/","logo":{"@type":"ImageObject","inLanguage":"es","@id":"https:\/\/www.laligadelaaccesibilidad.org\/#\/schema\/logo\/image\/","url":"https:\/\/www.laligadelaaccesibilidad.org\/wp-content\/uploads\/2025\/05\/Alineat_color.png","contentUrl":"https:\/\/www.laligadelaaccesibilidad.org\/wp-content\/uploads\/2025\/05\/Alineat_color.png","width":380,"height":120,"caption":"laligadelaaccesibilidad-org"},"image":{"@id":"https:\/\/www.laligadelaaccesibilidad.org\/#\/schema\/logo\/image\/"}}]}},"_links":{"self":[{"href":"https:\/\/www.laligadelaaccesibilidad.org\/index.php?rest_route=\/wp\/v2\/pages\/684","targetHints":{"allow":["GET"]}}],"collection":[{"href":"https:\/\/www.laligadelaaccesibilidad.org\/index.php?rest_route=\/wp\/v2\/pages"}],"about":[{"href":"https:\/\/www.laligadelaaccesibilidad.org\/index.php?rest_route=\/wp\/v2\/types\/page"}],"author":[{"embeddable":true,"href":"https:\/\/www.laligadelaaccesibilidad.org\/index.php?rest_route=\/wp\/v2\/users\/1"}],"replies":[{"embeddable":true,"href":"https:\/\/www.laligadelaaccesibilidad.org\/index.php?rest_route=%2Fwp%2Fv2%2Fcomments&post=684"}],"version-history":[{"count":7,"href":"https:\/\/www.laligadelaaccesibilidad.org\/index.php?rest_route=\/wp\/v2\/pages\/684\/revisions"}],"predecessor-version":[{"id":699,"href":"https:\/\/www.laligadelaaccesibilidad.org\/index.php?rest_route=\/wp\/v2\/pages\/684\/revisions\/699"}],"wp:attachment":[{"href":"https:\/\/www.laligadelaaccesibilidad.org\/index.php?rest_route=%2Fwp%2Fv2%2Fmedia&parent=684"}],"curies":[{"name":"wp","href":"https:\/\/api.w.org\/{rel}","templated":true}]}}