{"id":676,"date":"2025-05-30T07:45:06","date_gmt":"2025-05-30T05:45:06","guid":{"rendered":"https:\/\/www.laligadelaaccesibilidad.org\/?page_id=676"},"modified":"2025-05-30T07:45:30","modified_gmt":"2025-05-30T05:45:30","slug":"avis-legal","status":"publish","type":"page","link":"https:\/\/www.laligadelaaccesibilidad.org\/?page_id=676&lang=ca","title":{"rendered":"Av\u00eds legal"},"content":{"rendered":"\t\t<div data-elementor-type=\"wp-page\" data-elementor-id=\"676\" class=\"elementor elementor-676\" data-elementor-post-type=\"page\">\n\t\t\t\t<div class=\"elementor-element elementor-element-e22cb76 e-flex e-con-boxed e-con e-parent\" data-id=\"e22cb76\" data-element_type=\"container\">\n\t\t\t\t\t<div class=\"e-con-inner\">\n\t\t\t\t<div class=\"elementor-element elementor-element-5a4e954 elementor-widget elementor-widget-heading\" data-id=\"5a4e954\" data-element_type=\"widget\" data-widget_type=\"heading.default\">\n\t\t\t\t<div class=\"elementor-widget-container\">\n\t\t\t\t\t<h2 class=\"elementor-heading-title elementor-size-default\">Pol\u00edtica de privacidad<\/h2>\t\t\t\t<\/div>\n\t\t\t\t<\/div>\n\t\t\t\t\t<\/div>\n\t\t\t\t<\/div>\n\t\t<div class=\"elementor-element elementor-element-905638e e-flex e-con-boxed e-con e-parent\" data-id=\"905638e\" data-element_type=\"container\">\n\t\t\t\t\t<div class=\"e-con-inner\">\n\t\t\t\t<div class=\"elementor-element elementor-element-4b18b3e elementor-widget elementor-widget-text-editor\" data-id=\"4b18b3e\" data-element_type=\"widget\" data-widget_type=\"text-editor.default\">\n\t\t\t\t<div class=\"elementor-widget-container\">\n\t\t\t\t\t\t\t\t\t<p>Aquesta p\u00e0gina Web \u00e9s propietat d\u2019EUROFIRMS GROUP, S.L.U., amb domicili a C. Pla de l\u2019Estany, 17 (17244 Cass\u00e0 de la Selva), NIF n\u00famero B55234694, inscrita al Registre Mercantil de Girona al Tom 720, foli 169, full GI-13787.<\/p><p>EUROFIRMS GROUP engloba a les seg\u00fcents empreses:<\/p><ul><li>CLAIRE JOSTER GROUP SLU \u2013 B55319099<\/li><li>CORNERJOB SPAIN \u2013 B66621723<\/li><li>EUROFIRMS CHILE EST SPA \u2013 77038711-6<\/li><li>EUROFIRMS ETT, SLU \u2013 B17880550<\/li><li>EUROFIRMS FUNDACI\u00d3 \u2013 G17966532<\/li><li>EUROFIRMS PORTUGAL SGPS \u2013 513756426<\/li><li>EUROFIRMS SERVI\u00c7OS LDA \u2013 510670385<\/li><li>EUROFIRMS TALENT LDA \u2013 513499237<\/li><li>EUROFIRMS TRABALHO TEMPORARIO LDA \u2013 510661408<\/li><li>INNERIA CHILE SPA \u2013 77038708-6<\/li><li>INNERIA CLEANING SLU \u2013 B83944611<\/li><li>INNERIA CONTACT CENTER SLU \u2013 B87558920<\/li><li>INNERIA SOCIAL SLU \u2013 B33846197<\/li><li>INNERIA SOLUTIONS SLU \u2013 B83327460<\/li><li>INNERIA CENTRO ESPECIAL DE EMPLEO \u2013 B93484798<\/li><li>JOB DIGITAL NETWORKS \u2013 B66583907<\/li><li>TALENT SAVIOR TRAINING, SLU \u2013 B17601626<\/li><li>TALENT SAVIOR, SLU \u2013 B86594264<\/li><\/ul><p>Per a qualsevol consulta o proposta, contacteu-nos trucant al tel\u00e8fon + 34 972 18 10 10, a l\u2019e-mail\u00a0<a href=\"mailto:info@eurofirms.com\">info@eurofirms.com<\/a>\u00a0o amb el Delegat de Protecci\u00f3 de Dades:\u00a0<a href=\"mailto:dpo@eurofirms.com\">dpo@eurofirms.com<\/a>.<\/p><p>Aquesta p\u00e0gina Web es regeix per la normativa exclusivament aplicable a Espanya, quedant sotmesa a aquesta, tant nacionals como estrangers que utilitzin aquest Web.<\/p><p>L\u2019acc\u00e9s a la nostra p\u00e0gina Web per part de l\u2019USUARI \u00e9s gratu\u00eft i est\u00e0 condicionat a la pr\u00e8via lectura i acceptaci\u00f3 \u00edntegra, expressa i sense reserves de les presents CONDICIONS GENERALS D\u2019\u00daS vigents en el moment de l\u2019acc\u00e9s, que preguem que llegeixi detingudament. L\u2019USUARI en el moment que utilitza el nostre portal, els seus continguts o serveis, accepta i es sotmet expressament a les condicions generals d\u2019\u00fas del mateix. Si l\u2019usuari no estigu\u00e9s d\u2019acord amb les presents condicions d\u2019\u00fas, haur\u00e0 d\u2019abstenir-se d\u2019utilitzar aquest portal i operar mitjan\u00e7ant el mateix.<\/p><p>En qualsevol moment podrem modificar la presentaci\u00f3 i configuraci\u00f3 del nostre Web, ampliar o reduir serveis, i fins i tot suprimir-lo de la xarxa, aix\u00ed com els serveis i continguts prestats, tot aix\u00f2 \u00a0de forma unilateral i sense previ av\u00eds.<\/p><p><strong>PROPIETAT INTEL\u00b7LECTUAL<\/strong><\/p><p>Tots els continguts, textos, imatges, i codis font s\u00f3n propietat d\u2019EUROFIRMS GROUP, S.L.U. o de tercers dels quals s\u2019han adquirit els seus drets d\u2019explotaci\u00f3, i estan protegits pels drets de Propietat Intel\u00b7lectual i Industrial.<\/p><p>L\u2019usuari \u00fanicament t\u00e9 dret a un \u00fas privat d\u2019aquests, sense \u00e0nim de lucre, i necessita autoritzaci\u00f3 expressa per modificar-los, reproduir-los, explotar-los, distribuir-los o exercir qualsevol dret que pertanyi al seu titular.<\/p><p>EUROFIRMS \u00e9s una marca registrada, i est\u00e0 prohibida la seva reproducci\u00f3, imitaci\u00f3, utilitzaci\u00f3 o inserci\u00f3 d\u2019aquestes marques sense la nostra deguda autoritzaci\u00f3.<\/p><p>L\u2019establiment d\u2019enlla\u00e7os al nostre portal no confereix cap dret sobre el mateix. Aix\u00ed mateix, el simple fet d\u2019establir un enlla\u00e7 a la nostra p\u00e0gina web no dona dret a atorgar-se la categoria de col\u00b7laborador o soci.<\/p><p>EUROFIRMS GROUP queda exonerat de responsabilitat per qualsevol reclamaci\u00f3 respecte als drets de propietat intel\u00b7lectual dels articles i imatges publicades per tercers en el seu portal.<\/p><p>Est\u00e0 absolutament prohibida la imitaci\u00f3 ja sigui total o parcial del nostre portal.<\/p><p><strong>CONDICIONS D\u2019ACC\u00c9S I \u00daS<\/strong><\/p><p>L\u2019acc\u00e9s a la nostra p\u00e0gina Web \u00e9s gratu\u00eft i no exigeix subscripci\u00f3 o registre previ. No obstant aix\u00f2, determinats serveis s\u00f3n d\u2019acc\u00e9s restringit a determinats usuaris i requereixen haver realitzat un proc\u00e9s de registre i\/o la identificaci\u00f3 mitjan\u00e7ant contrasenyes. Aquests serveis quedaran degudament identificats al Web.<\/p><p>L\u2019enviament de dades personals implica l\u2019acceptaci\u00f3 expressa per part de l\u2019USUARI de la nostra pol\u00edtica de privacitat.<\/p><p>L\u2019usuari ha d\u2019accedir a la nostra p\u00e0gina Web conforme a la bona fe, les normes d\u2019ordre p\u00fablic i a les presents Condicions Generals d\u2019\u00fas. L\u2019acc\u00e9s al nostre Web es realitza sota la pr\u00f2pia i exclusiva responsabilitat de l\u2019usuari, que respondr\u00e0 en tot cas dels danys i perjudicis que pot causar a tercers o a nosaltres mateixos.<\/p><p>L\u2019usuari t\u00e9 expressament prohibida la utilitzaci\u00f3 i obtenci\u00f3 dels serveis i continguts oferts en aquesta p\u00e0gina web, per procediments diferents als estipulats en les presents condicions d\u2019\u00fas.<\/p><p>L\u2019USUARI t\u00e9 prohibit qualsevol tipus d\u2019acci\u00f3 sobre el nostre portal que origini una excessiva sobrec\u00e0rrega de funcionament als nostres sistemes inform\u00e0tics, aix\u00ed com la introducci\u00f3 de virus, o instal\u00b7laci\u00f3 de robots, o software que alteri el normal funcionament del nostre web, o en definitiva pugui causar danys als nostres sistemes inform\u00e0tics.<\/p><p>Tenint en compte la dificultat de control respecte a la informaci\u00f3, continguts i serveis que continguin p\u00e0gines web de tercers disponibles des de la nostra p\u00e0gina web, li comunicarem que EUROFIRMS GROUP, no es fa responsable d\u2019aquests, sense prejudicis que intentar\u00e0, en la mesura del possible, vetllar per la seva legalitat.<\/p><p>EUROFIRMS GROUP es reserva el dret de donar de baixa a qualsevol USUARI que l\u2019organitzaci\u00f3 entengui que ha vulnerat les condicions que regeixen en l\u2019\u00fas de la nostra p\u00e0gina web. De la mateixa manera, es reserva el dret d\u2019exercitar les accions legals oportunes contra aquells que vulneren les presents condicions generals d\u2019\u00fas.<\/p><p><strong>POL\u00cdTICA DE PRIVACITAT<\/strong><\/p><p>La confidencialitat i la seguretat s\u00f3n valors primordials d\u2019EUROFIRMS GROUP i, en conseq\u00fc\u00e8ncia, assumim el comprom\u00eds de garantir la privacitat de l\u2019Usuari en tot moment i de no recavar informaci\u00f3 innecess\u00e0ria.<\/p><p>El subministrament de dades personals a trav\u00e9s del nostre portal requereix una edat m\u00ednima de 14 anys i l\u2019acceptaci\u00f3 expressa de la nostra\u00a0<a href=\"https:\/\/www.eurofirms.es\/ca\/politica-de-privacitat\/\" target=\"_blank\" rel=\"noopener noreferrer\">Pol\u00edtica de Privacitat<\/a>.<\/p><p><strong>RESPONSABILITATS<\/strong><\/p><p>En posar en disposici\u00f3 de l\u2019USUARI aquesta p\u00e0gina Web volem oferir-li un servei de qualitat, utilitzant la m\u00e0xima diligencia en la prestaci\u00f3 d\u2019aquest, aix\u00ed com en els mitjans tecnol\u00f2gics utilitzats. Tanmateix, EUROFIRMS GROUP no garanteix que la disponibilitat del servei sigui cont\u00ednua i ininterrompuda, per circumst\u00e0ncies originades per problemes a la xarxa d\u2019Internet, avaries en els dispositius inform\u00e0tics o altres circumst\u00e0ncies imprevisibles, de manera que l\u2019USUARI accepta suportar dins d\u2019uns l\u00edmits raonables aquestes circumst\u00e0ncies.<\/p><p>Aquesta p\u00e0gina web, salv el regulat, si escau, per algunes condicions d\u2019\u00fas espec\u00edfiques, \u00e9s purament informativa i de presentaci\u00f3 corporativa dels nostres productes i serveis, i per aix\u00f2 EUROFIRMS GROUP no es responsabilitza per les expectatives de qualsevol classe que pugui generar a l\u2019USUARI.<\/p><p>L\u2019USUARI reconeix que ha ent\u00e8s tota la informaci\u00f3 respecte a les condicions d\u2019\u00fas del nostre portal, i reconeix que s\u00f3n suficients per a l\u2019exclusi\u00f3 de l\u2019error en les mateixes, i per tant, les accepta \u00edntegrament i expressament.<\/p><p>L\u2019USUARI \u00e9s plenament conscient que la simple navegaci\u00f3 per la present p\u00e0gina web, aix\u00ed com la utilitzaci\u00f3 dels seus serveis, implica l\u2019acceptaci\u00f3 de les presentes condicions d\u2019\u00fas.<\/p><p>Tot el referent a la nostra p\u00e0gina web, es regeix exclusivament per les lleis espanyoles. En el cas que es produeixi qualsevol classe de discrep\u00e0ncia o diferencia entre les parts en relaci\u00f3 amb la interpretaci\u00f3 i contingut de la present p\u00e0gina web, totes les parts se sotmeten als Jutjats i Tribunals que legalment corresponen.<\/p><p><strong>VIG\u00c8NCIA DE LES CONDICIONS GENERALS D\u2019ACC\u00c9S A LA WEB<\/strong><\/p><p>Les presents Condicions Generals d\u2019\u00das han estat modificades amb data 17\/12\/2021. En qualsevol moment podem procedir a la seva modificaci\u00f3: si us plau, comprovi la data d\u2019emissi\u00f3 cada vegada que es connecti a la nostra p\u00e0gina Web i aix\u00ed tindr\u00e0 la certesa que no s\u2019ha produ\u00eft cap modificaci\u00f3\u00a0 que li afecti.<\/p><p>Per a qualsevol q\u00fcesti\u00f3 respecte a les Condicions d\u2019\u00das de la nostra p\u00e0gina web, pot posar-se en contacte amb nosaltres en les dades a dalt indicades, o amb Lant Abogados a\u00a0<a href=\"mailto:info@lant-abogados.com\">info@lant-abogados.com<\/a>\u00a0o a\u00a0<a href=\"http:\/\/www.lant-abogados.com\/\">www.lant-abogados.com<\/a>.<\/p>\t\t\t\t\t\t\t\t<\/div>\n\t\t\t\t<\/div>\n\t\t\t\t\t<\/div>\n\t\t\t\t<\/div>\n\t\t\t\t<\/div>\n\t\t","protected":false},"excerpt":{"rendered":"<p>Pol\u00edtica de privacidad Aquesta p\u00e0gina Web \u00e9s propietat d\u2019EUROFIRMS GROUP, S.L.U., amb domicili a C. Pla de l\u2019Estany, 17 (17244 Cass\u00e0 de la Selva), NIF n\u00famero B55234694, inscrita al Registre Mercantil de Girona al Tom 720, foli 169, full GI-13787. EUROFIRMS GROUP engloba a les seg\u00fcents empreses: CLAIRE JOSTER GROUP SLU \u2013 B55319099 CORNERJOB SPAIN [&hellip;]<\/p>\n","protected":false},"author":1,"featured_media":0,"parent":0,"menu_order":0,"comment_status":"closed","ping_status":"open","template":"","meta":{"footnotes":""},"class_list":["post-676","page","type-page","status-publish","hentry"],"yoast_head":"<!-- This site is optimized with the Yoast SEO plugin v25.1 - https:\/\/yoast.com\/wordpress\/plugins\/seo\/ -->\n<title>Av\u00eds legal - laligadelaaccesibilidad-org<\/title>\n<meta name=\"robots\" content=\"index, follow, max-snippet:-1, max-image-preview:large, max-video-preview:-1\" \/>\n<link rel=\"canonical\" href=\"https:\/\/www.laligadelaaccesibilidad.org\/?page_id=676&lang=ca\" \/>\n<meta property=\"og:locale\" content=\"es_ES\" \/>\n<meta property=\"og:type\" content=\"article\" \/>\n<meta property=\"og:title\" content=\"Av\u00eds legal - laligadelaaccesibilidad-org\" \/>\n<meta property=\"og:description\" content=\"Pol\u00edtica de privacidad Aquesta p\u00e0gina Web \u00e9s propietat d\u2019EUROFIRMS GROUP, S.L.U., amb domicili a C. Pla de l\u2019Estany, 17 (17244 Cass\u00e0 de la Selva), NIF n\u00famero B55234694, inscrita al Registre Mercantil de Girona al Tom 720, foli 169, full GI-13787. EUROFIRMS GROUP engloba a les seg\u00fcents empreses: CLAIRE JOSTER GROUP SLU \u2013 B55319099 CORNERJOB SPAIN [&hellip;]\" \/>\n<meta property=\"og:url\" content=\"https:\/\/www.laligadelaaccesibilidad.org\/?page_id=676&amp;lang=ca\" \/>\n<meta property=\"og:site_name\" content=\"laligadelaaccesibilidad-org\" \/>\n<meta property=\"article:modified_time\" content=\"2025-05-30T05:45:30+00:00\" \/>\n<meta name=\"twitter:card\" content=\"summary_large_image\" \/>\n<meta name=\"twitter:label1\" content=\"Tiempo de lectura\" \/>\n\t<meta name=\"twitter:data1\" content=\"6 minutos\" \/>\n<script type=\"application\/ld+json\" class=\"yoast-schema-graph\">{\"@context\":\"https:\/\/schema.org\",\"@graph\":[{\"@type\":\"WebPage\",\"@id\":\"https:\/\/www.laligadelaaccesibilidad.org\/?page_id=676&lang=ca\",\"url\":\"https:\/\/www.laligadelaaccesibilidad.org\/?page_id=676&lang=ca\",\"name\":\"Av\u00eds legal - laligadelaaccesibilidad-org\",\"isPartOf\":{\"@id\":\"https:\/\/www.laligadelaaccesibilidad.org\/#website\"},\"datePublished\":\"2025-05-30T05:45:06+00:00\",\"dateModified\":\"2025-05-30T05:45:30+00:00\",\"breadcrumb\":{\"@id\":\"https:\/\/www.laligadelaaccesibilidad.org\/?page_id=676&lang=ca#breadcrumb\"},\"inLanguage\":\"es\",\"potentialAction\":[{\"@type\":\"ReadAction\",\"target\":[\"https:\/\/www.laligadelaaccesibilidad.org\/?page_id=676&lang=ca\"]}]},{\"@type\":\"BreadcrumbList\",\"@id\":\"https:\/\/www.laligadelaaccesibilidad.org\/?page_id=676&lang=ca#breadcrumb\",\"itemListElement\":[{\"@type\":\"ListItem\",\"position\":1,\"name\":\"Portada\",\"item\":\"https:\/\/www.laligadelaaccesibilidad.org\/\"},{\"@type\":\"ListItem\",\"position\":2,\"name\":\"Av\u00eds legal\"}]},{\"@type\":\"WebSite\",\"@id\":\"https:\/\/www.laligadelaaccesibilidad.org\/#website\",\"url\":\"https:\/\/www.laligadelaaccesibilidad.org\/\",\"name\":\"laligadelaaccesibilidad-org\",\"description\":\"Proyecto innovador 360\u00ba para el bienestar social\",\"publisher\":{\"@id\":\"https:\/\/www.laligadelaaccesibilidad.org\/#organization\"},\"potentialAction\":[{\"@type\":\"SearchAction\",\"target\":{\"@type\":\"EntryPoint\",\"urlTemplate\":\"https:\/\/www.laligadelaaccesibilidad.org\/?s={search_term_string}\"},\"query-input\":{\"@type\":\"PropertyValueSpecification\",\"valueRequired\":true,\"valueName\":\"search_term_string\"}}],\"inLanguage\":\"es\"},{\"@type\":\"Organization\",\"@id\":\"https:\/\/www.laligadelaaccesibilidad.org\/#organization\",\"name\":\"laligadelaaccesibilidad-org\",\"url\":\"https:\/\/www.laligadelaaccesibilidad.org\/\",\"logo\":{\"@type\":\"ImageObject\",\"inLanguage\":\"es\",\"@id\":\"https:\/\/www.laligadelaaccesibilidad.org\/#\/schema\/logo\/image\/\",\"url\":\"https:\/\/www.laligadelaaccesibilidad.org\/wp-content\/uploads\/2025\/05\/Alineat_color.png\",\"contentUrl\":\"https:\/\/www.laligadelaaccesibilidad.org\/wp-content\/uploads\/2025\/05\/Alineat_color.png\",\"width\":380,\"height\":120,\"caption\":\"laligadelaaccesibilidad-org\"},\"image\":{\"@id\":\"https:\/\/www.laligadelaaccesibilidad.org\/#\/schema\/logo\/image\/\"}}]}<\/script>\n<!-- \/ Yoast SEO plugin. -->","yoast_head_json":{"title":"Av\u00eds legal - laligadelaaccesibilidad-org","robots":{"index":"index","follow":"follow","max-snippet":"max-snippet:-1","max-image-preview":"max-image-preview:large","max-video-preview":"max-video-preview:-1"},"canonical":"https:\/\/www.laligadelaaccesibilidad.org\/?page_id=676&lang=ca","og_locale":"es_ES","og_type":"article","og_title":"Av\u00eds legal - laligadelaaccesibilidad-org","og_description":"Pol\u00edtica de privacidad Aquesta p\u00e0gina Web \u00e9s propietat d\u2019EUROFIRMS GROUP, S.L.U., amb domicili a C. Pla de l\u2019Estany, 17 (17244 Cass\u00e0 de la Selva), NIF n\u00famero B55234694, inscrita al Registre Mercantil de Girona al Tom 720, foli 169, full GI-13787. EUROFIRMS GROUP engloba a les seg\u00fcents empreses: CLAIRE JOSTER GROUP SLU \u2013 B55319099 CORNERJOB SPAIN [&hellip;]","og_url":"https:\/\/www.laligadelaaccesibilidad.org\/?page_id=676&lang=ca","og_site_name":"laligadelaaccesibilidad-org","article_modified_time":"2025-05-30T05:45:30+00:00","twitter_card":"summary_large_image","twitter_misc":{"Tiempo de lectura":"6 minutos"},"schema":{"@context":"https:\/\/schema.org","@graph":[{"@type":"WebPage","@id":"https:\/\/www.laligadelaaccesibilidad.org\/?page_id=676&lang=ca","url":"https:\/\/www.laligadelaaccesibilidad.org\/?page_id=676&lang=ca","name":"Av\u00eds legal - laligadelaaccesibilidad-org","isPartOf":{"@id":"https:\/\/www.laligadelaaccesibilidad.org\/#website"},"datePublished":"2025-05-30T05:45:06+00:00","dateModified":"2025-05-30T05:45:30+00:00","breadcrumb":{"@id":"https:\/\/www.laligadelaaccesibilidad.org\/?page_id=676&lang=ca#breadcrumb"},"inLanguage":"es","potentialAction":[{"@type":"ReadAction","target":["https:\/\/www.laligadelaaccesibilidad.org\/?page_id=676&lang=ca"]}]},{"@type":"BreadcrumbList","@id":"https:\/\/www.laligadelaaccesibilidad.org\/?page_id=676&lang=ca#breadcrumb","itemListElement":[{"@type":"ListItem","position":1,"name":"Portada","item":"https:\/\/www.laligadelaaccesibilidad.org\/"},{"@type":"ListItem","position":2,"name":"Av\u00eds legal"}]},{"@type":"WebSite","@id":"https:\/\/www.laligadelaaccesibilidad.org\/#website","url":"https:\/\/www.laligadelaaccesibilidad.org\/","name":"laligadelaaccesibilidad-org","description":"Proyecto innovador 360\u00ba para el bienestar social","publisher":{"@id":"https:\/\/www.laligadelaaccesibilidad.org\/#organization"},"potentialAction":[{"@type":"SearchAction","target":{"@type":"EntryPoint","urlTemplate":"https:\/\/www.laligadelaaccesibilidad.org\/?s={search_term_string}"},"query-input":{"@type":"PropertyValueSpecification","valueRequired":true,"valueName":"search_term_string"}}],"inLanguage":"es"},{"@type":"Organization","@id":"https:\/\/www.laligadelaaccesibilidad.org\/#organization","name":"laligadelaaccesibilidad-org","url":"https:\/\/www.laligadelaaccesibilidad.org\/","logo":{"@type":"ImageObject","inLanguage":"es","@id":"https:\/\/www.laligadelaaccesibilidad.org\/#\/schema\/logo\/image\/","url":"https:\/\/www.laligadelaaccesibilidad.org\/wp-content\/uploads\/2025\/05\/Alineat_color.png","contentUrl":"https:\/\/www.laligadelaaccesibilidad.org\/wp-content\/uploads\/2025\/05\/Alineat_color.png","width":380,"height":120,"caption":"laligadelaaccesibilidad-org"},"image":{"@id":"https:\/\/www.laligadelaaccesibilidad.org\/#\/schema\/logo\/image\/"}}]}},"_links":{"self":[{"href":"https:\/\/www.laligadelaaccesibilidad.org\/index.php?rest_route=\/wp\/v2\/pages\/676","targetHints":{"allow":["GET"]}}],"collection":[{"href":"https:\/\/www.laligadelaaccesibilidad.org\/index.php?rest_route=\/wp\/v2\/pages"}],"about":[{"href":"https:\/\/www.laligadelaaccesibilidad.org\/index.php?rest_route=\/wp\/v2\/types\/page"}],"author":[{"embeddable":true,"href":"https:\/\/www.laligadelaaccesibilidad.org\/index.php?rest_route=\/wp\/v2\/users\/1"}],"replies":[{"embeddable":true,"href":"https:\/\/www.laligadelaaccesibilidad.org\/index.php?rest_route=%2Fwp%2Fv2%2Fcomments&post=676"}],"version-history":[{"count":7,"href":"https:\/\/www.laligadelaaccesibilidad.org\/index.php?rest_route=\/wp\/v2\/pages\/676\/revisions"}],"predecessor-version":[{"id":683,"href":"https:\/\/www.laligadelaaccesibilidad.org\/index.php?rest_route=\/wp\/v2\/pages\/676\/revisions\/683"}],"wp:attachment":[{"href":"https:\/\/www.laligadelaaccesibilidad.org\/index.php?rest_route=%2Fwp%2Fv2%2Fmedia&parent=676"}],"curies":[{"name":"wp","href":"https:\/\/api.w.org\/{rel}","templated":true}]}}