{"id":570,"date":"2025-05-26T16:19:53","date_gmt":"2025-05-26T14:19:53","guid":{"rendered":"https:\/\/www.laligadelaaccesibilidad.org\/?page_id=570"},"modified":"2025-05-26T16:21:28","modified_gmt":"2025-05-26T14:21:28","slug":"aviso-legal","status":"publish","type":"page","link":"https:\/\/www.laligadelaaccesibilidad.org\/?page_id=570","title":{"rendered":"Aviso legal"},"content":{"rendered":"\t\t<div data-elementor-type=\"wp-page\" data-elementor-id=\"570\" class=\"elementor elementor-570\" data-elementor-post-type=\"page\">\n\t\t\t\t<div class=\"elementor-element elementor-element-e22cb76 e-flex e-con-boxed e-con e-parent\" data-id=\"e22cb76\" data-element_type=\"container\">\n\t\t\t\t\t<div class=\"e-con-inner\">\n\t\t\t\t<div class=\"elementor-element elementor-element-5a4e954 elementor-widget elementor-widget-heading\" data-id=\"5a4e954\" data-element_type=\"widget\" data-widget_type=\"heading.default\">\n\t\t\t\t<div class=\"elementor-widget-container\">\n\t\t\t\t\t<h2 class=\"elementor-heading-title elementor-size-default\">Pol\u00edtica de privacidad<\/h2>\t\t\t\t<\/div>\n\t\t\t\t<\/div>\n\t\t\t\t\t<\/div>\n\t\t\t\t<\/div>\n\t\t<div class=\"elementor-element elementor-element-905638e e-flex e-con-boxed e-con e-parent\" data-id=\"905638e\" data-element_type=\"container\">\n\t\t\t\t\t<div class=\"e-con-inner\">\n\t\t\t\t<div class=\"elementor-element elementor-element-4b18b3e elementor-widget elementor-widget-text-editor\" data-id=\"4b18b3e\" data-element_type=\"widget\" data-widget_type=\"text-editor.default\">\n\t\t\t\t<div class=\"elementor-widget-container\">\n\t\t\t\t\t\t\t\t\t<p>Esta p\u00e1gina web es propiedad de EUROFIRMS GROUP, S.L.U. con domicilio en C. Pla de l\u2019Estany, 17 (17244 Cass\u00e0 de la Selva), NIF n\u00famero B55234694, inscrita en el Registro Mercantil de Girona en el Tomo 720, folio 169, hoja GI-13787.<\/p><p>EUROFIRMS GROUP engloba a las siguientes empresas:<\/p><ul><li>CLAIRE JOSTER GROUP SLU \u2013 B55319099<\/li><li>CORNERJOB SPAIN \u2013 B66621723<\/li><li>EUROFIRMS CHILE EST SPA \u2013 77038711-6<\/li><li>EUROFIRMS ETT, SLU \u2013 B17880550<\/li><li>EUROFIRMS FUNDACI\u00d3 \u2013 G17966532<\/li><li>EUROFIRMS PEOPLE FIRST B.V. \u2013 NL857806464B01<\/li><li>EUROFIRMS PORTUGAL SGPS \u2013 513756426<\/li><li>EUROFIRMS SERVI\u00c7OS LDA \u2013 510670385<\/li><li>EUROFIRMS TALENT LDA \u2013 513499237<\/li><li>EUROFIRMS TRABALHO TEMPORARIO LDA \u2013 510661408<\/li><li>INNERIA CHILE SPA \u2013 77038708-6<\/li><li>INNERIA CLEANING SLU \u2013 B83944611<\/li><li>INNERIA CONTACT CENTER SLU \u2013 B87558920<\/li><li>INNERIA SOCIAL SLU \u2013 B33846197<\/li><li>INNERIA SOLUTIONS SLU \u2013 B83327460<\/li><li>INNERIA CENTRO ESPECIAL DE EMPLEO \u2013B93484798<\/li><li>JOB DIGITAL NETWORKS \u2013 B66583907<\/li><li>TALENT SAVIOR TRAINING, SLU \u2013 B17601626<\/li><li>TALENT SAVIOR, SLU \u2013 B86594264<\/li><\/ul><p>\u00a0<\/p><p>Para cualquier consulta o propuesta, cont\u00e1ctenos llamando al tel\u00e9fono + 34 972 18 10 10, en el e-mail\u00a0<a href=\"mailto:info@eurofirms.com\">info@eurofirms.com<\/a>\u00a0o con el Delegado de Protecci\u00f3n de Datos:\u00a0<a href=\"mailto:dpo@eurofirms.com\">dpo@eurofirms.es<\/a>.<\/p><p>Esta p\u00e1gina Web se rige por la normativa exclusivamente aplicable en Espa\u00f1a, quedando sometida a ella, tanto nacionales como extranjeros que utilicen esta Web.<\/p><p>El acceso a nuestra p\u00e1gina Web por parte del USUARIO es gratuito y su uso se rige por las condiciones de uso vigentes en el momento del acceso, que rogamos lea detenidamente. Si el usuario no estuviere de acuerdo con las presentes condiciones de uso, deber\u00e1 abstenerse de utilizar este portal y operar por medio del mismo pudiendo contactar con nosotros para que le resolvamos cualquier duda en relaci\u00f3n a las mismas.<\/p><p>En cualquier momento podremos modificar la presentaci\u00f3n y configuraci\u00f3n de nuestra Web, ampliar o reducir servicios, e incluso suprimirla de la Red, as\u00ed como los servicios y contenidos prestados, todo ello de forma unilateral y sin previo aviso.<\/p><p>\u00a0<\/p><h2><strong>PROPIEDAD INTELECTUAL<\/strong><\/h2><p>Todos los contenidos, textos, im\u00e1genes, y c\u00f3digos fuente son propiedad de EUROFIRMS GROUP, S.L.U. o de terceros a los que se han adquirido sus derechos de explotaci\u00f3n, y est\u00e1n protegidos por los derechos de Propiedad Intelectual e Industrial.<\/p><p>El usuario \u00fanicamente tiene derecho a un uso privado de los mismos, sin \u00e1nimo de lucro, y necesita autorizaci\u00f3n expresa para modificarlos, reproducirlos, explotarlos, distribuirlos o ejercer cualquier derecho perteneciente a su titular.<\/p><p>EUROFIRMS es una marca registrada, y est\u00e1 prohibida su reproducci\u00f3n, imitaci\u00f3n, utilizaci\u00f3n o inserci\u00f3n de estas marcas sin nuestra debida autorizaci\u00f3n.<\/p><p>El establecimiento de enlaces a nuestro portal no confiere ning\u00fan derecho sobre el mismo. Asimismo, el simple hecho de establecer un enlace a nuestra p\u00e1gina web no da derecho a otorgarse la categor\u00eda de colaborador o socio.<\/p><p>EUROFIRMS GROUP queda exonerado de responsabilidad por cualquier reclamaci\u00f3n respecto a los derechos de propiedad intelectual de los art\u00edculos e im\u00e1genes publicadas por terceros en su portal.<\/p><p>Est\u00e1 absolutamente prohibida la imitaci\u00f3n ya sea total o parcial de nuestro portal.<\/p><p>\u00a0<\/p><h2><strong>CONDICIONES DE ACCESO Y USO<\/strong><\/h2><p>El acceso a nuestra p\u00e1gina Web es gratuito y no exige suscripci\u00f3n o registro previo. Sin embargo, determinados servicios son de acceso restringido a determinados usuarios y requieren haber realizado un proceso de registro y\/o la identificaci\u00f3n mediante contrase\u00f1as. Estos servicios quedar\u00e1n debidamente identificados en la Web.<\/p><p>El env\u00edo de datos personales implica la aceptaci\u00f3n expresa por parte del USUARIO de nuestra pol\u00edtica de privacidad.<\/p><p>El usuario debe acceder a nuestra p\u00e1gina Web conforme a la buena fe, las normas de orden p\u00fablico y a las presentes Condiciones Generales de uso. El acceso a nuestro sitio Web se realiza bajo la propia y exclusiva responsabilidad del usuario, que responder\u00e1 en todo caso de los da\u00f1os y perjuicios que pueda causar a terceros o a nosotros mismos.<\/p><p>El usuario tiene expresamente prohibida la utilizaci\u00f3n y obtenci\u00f3n de los servicios y contenidos ofrecidos en la presente p\u00e1gina web, por procedimientos distintos a los estipulados en las presentes condiciones de uso.<\/p><p>El USUARIO tiene prohibido cualquier tipo de acci\u00f3n sobre nuestro portal que origine una excesiva sobrecarga de funcionamiento a nuestros sistemas inform\u00e1ticos, as\u00ed como la introducci\u00f3n de virus, o instalaci\u00f3n de robots, o software que altere el normal funcionamiento de nuestra web, o en definitiva pueda causar da\u00f1os a nuestros sistemas inform\u00e1ticos.<\/p><p>Teniendo en cuenta la dificultad de control respecto a la informaci\u00f3n, contenidos y servicios que contengan p\u00e1ginas web de terceros disponibles desde nuestra p\u00e1gina web, le comunicamos que EUROFIRMS GROUP, no se hace responsable de los mismos, sin perjuicio de que intentar\u00e1, en la medida de lo posible, velar por su legalidad.<\/p><p>EUROFIRMS GROUP se reserva el derecho a dar de baja a cualquier USUARIO que la organizaci\u00f3n entienda que ha vulnerado las condiciones que rigen el uso de nuestra p\u00e1gina web. Asimismo, se reserva el derecho de ejercitar las acciones legales oportunas contra aquellos que vulneren las presentes condiciones generales de uso.<\/p><p>\u00a0<\/p><h2><strong>POL\u00cdTICA DE PRIVACIDAD<\/strong><\/h2><p>La confidencialidad y la seguridad son valores primordiales de EUROFIRMS GROUP y, en consecuencia, asumimos el compromiso de garantizar la privacidad del Usuario en todo momento y de no recabar informaci\u00f3n innecesaria.<\/p><p>El suministro de datos personales a trav\u00e9s de nuestro portal requiere una edad m\u00ednima de 14 a\u00f1os y la aceptaci\u00f3n expresa de nuestra\u00a0<a href=\"https:\/\/www.eurofirms.es\/politica-de-privacidad\/\">Pol\u00edtica de Privacidad<\/a>.<\/p><p>\u00a0<\/p><h2><strong>RESPONSABILIDADES<\/strong><\/h2><p>Al poner a disposici\u00f3n del USUARIO esta p\u00e1gina Web queremos ofrecerle un servicio de calidad, utilizando la m\u00e1xima diligencia en la prestaci\u00f3n del mismo, as\u00ed como en los medios tecnol\u00f3gicos utilizados. No obstante, EUROFIRMS GROUP no garantiza que la disponibilidad del servicio sea continua e ininterrumpida, por circunstancias originadas por problemas en la red de Internet, aver\u00edas en los dispositivos inform\u00e1ticos u otras circunstancias imprevisibles, de manera que el USUARIO acepta soportar dentro de unos l\u00edmites razonables estas circunstancias.<\/p><p>Esta p\u00e1gina web, salvo lo regulado, en su caso, por algunas condiciones de uso espec\u00edficas, es puramente informativa y de presentaci\u00f3n corporativa de nuestros productos y servicios, por lo que EUROFIRMS GROUP no se responsabiliza por las expectativas de cualquier tipo que pueda generar al USUARIO.<\/p><p>Todo lo referente a nuestra p\u00e1gina web, se rige exclusivamente por las leyes espa\u00f1olas. En el caso de que se produzca cualquier tipo de discrepancia o diferencia entre las partes en relaci\u00f3n con la interpretaci\u00f3n y contenido de la presente p\u00e1gina web, todas las partes se someten a los Juzgados y Tribunales que legalmente correspondan.<\/p><p>\u00a0<\/p><h2><strong>VIGENCIA DE LAS CONDICIONES GENERALES DE ACCESO A LA WEB<\/strong><\/h2><p>Las presentes Condiciones Generales de Uso han sido modificadas con fecha 24\/01\/2023. En cualquier momento podemos proceder a su modificaci\u00f3n: por favor, compruebe la fecha de emisi\u00f3n en cada ocasi\u00f3n en que se conecte a nuestra p\u00e1gina Web y as\u00ed tendr\u00e1 la certeza de que no se ha producido modificaci\u00f3n alguna que le afecte.<\/p><p>Para cualquier cuesti\u00f3n respecto a las Condiciones de Uso de nuestra p\u00e1gina web, puede ponerse en contacto con nosotros en los datos arriba indicados, o con Lant Abogados en info@lant-abogados.com o en\u00a0<a href=\"http:\/\/www.lant-abogados.com\/\">www.lant-abogados.com<\/a>.<\/p>\t\t\t\t\t\t\t\t<\/div>\n\t\t\t\t<\/div>\n\t\t\t\t\t<\/div>\n\t\t\t\t<\/div>\n\t\t\t\t<\/div>\n\t\t","protected":false},"excerpt":{"rendered":"<p>Pol\u00edtica de privacidad Esta p\u00e1gina web es propiedad de EUROFIRMS GROUP, S.L.U. con domicilio en C. Pla de l\u2019Estany, 17 (17244 Cass\u00e0 de la Selva), NIF n\u00famero B55234694, inscrita en el Registro Mercantil de Girona en el Tomo 720, folio 169, hoja GI-13787. EUROFIRMS GROUP engloba a las siguientes empresas: CLAIRE JOSTER GROUP SLU \u2013 [&hellip;]<\/p>\n","protected":false},"author":1,"featured_media":0,"parent":0,"menu_order":0,"comment_status":"closed","ping_status":"open","template":"","meta":{"footnotes":""},"class_list":["post-570","page","type-page","status-publish","hentry"],"yoast_head":"<!-- This site is optimized with the Yoast SEO plugin v25.1 - https:\/\/yoast.com\/wordpress\/plugins\/seo\/ -->\n<title>Aviso legal - laligadelaaccesibilidad-org<\/title>\n<meta name=\"robots\" content=\"index, follow, max-snippet:-1, max-image-preview:large, max-video-preview:-1\" \/>\n<link rel=\"canonical\" href=\"https:\/\/www.laligadelaaccesibilidad.org\/?page_id=570\" \/>\n<meta property=\"og:locale\" content=\"es_ES\" \/>\n<meta property=\"og:type\" content=\"article\" \/>\n<meta property=\"og:title\" content=\"Aviso legal - laligadelaaccesibilidad-org\" \/>\n<meta property=\"og:description\" content=\"Pol\u00edtica de privacidad Esta p\u00e1gina web es propiedad de EUROFIRMS GROUP, S.L.U. con domicilio en C. Pla de l\u2019Estany, 17 (17244 Cass\u00e0 de la Selva), NIF n\u00famero B55234694, inscrita en el Registro Mercantil de Girona en el Tomo 720, folio 169, hoja GI-13787. EUROFIRMS GROUP engloba a las siguientes empresas: CLAIRE JOSTER GROUP SLU \u2013 [&hellip;]\" \/>\n<meta property=\"og:url\" content=\"https:\/\/www.laligadelaaccesibilidad.org\/?page_id=570\" \/>\n<meta property=\"og:site_name\" content=\"laligadelaaccesibilidad-org\" \/>\n<meta property=\"article:modified_time\" content=\"2025-05-26T14:21:28+00:00\" \/>\n<meta name=\"twitter:card\" content=\"summary_large_image\" \/>\n<meta name=\"twitter:label1\" content=\"Tiempo de lectura\" \/>\n\t<meta name=\"twitter:data1\" content=\"6 minutos\" \/>\n<script type=\"application\/ld+json\" class=\"yoast-schema-graph\">{\"@context\":\"https:\/\/schema.org\",\"@graph\":[{\"@type\":\"WebPage\",\"@id\":\"https:\/\/www.laligadelaaccesibilidad.org\/?page_id=570\",\"url\":\"https:\/\/www.laligadelaaccesibilidad.org\/?page_id=570\",\"name\":\"Aviso legal - laligadelaaccesibilidad-org\",\"isPartOf\":{\"@id\":\"https:\/\/www.laligadelaaccesibilidad.org\/#website\"},\"datePublished\":\"2025-05-26T14:19:53+00:00\",\"dateModified\":\"2025-05-26T14:21:28+00:00\",\"breadcrumb\":{\"@id\":\"https:\/\/www.laligadelaaccesibilidad.org\/?page_id=570#breadcrumb\"},\"inLanguage\":\"es\",\"potentialAction\":[{\"@type\":\"ReadAction\",\"target\":[\"https:\/\/www.laligadelaaccesibilidad.org\/?page_id=570\"]}]},{\"@type\":\"BreadcrumbList\",\"@id\":\"https:\/\/www.laligadelaaccesibilidad.org\/?page_id=570#breadcrumb\",\"itemListElement\":[{\"@type\":\"ListItem\",\"position\":1,\"name\":\"Portada\",\"item\":\"https:\/\/www.laligadelaaccesibilidad.org\/\"},{\"@type\":\"ListItem\",\"position\":2,\"name\":\"Aviso legal\"}]},{\"@type\":\"WebSite\",\"@id\":\"https:\/\/www.laligadelaaccesibilidad.org\/#website\",\"url\":\"https:\/\/www.laligadelaaccesibilidad.org\/\",\"name\":\"laligadelaaccesibilidad-org\",\"description\":\"Proyecto innovador 360\u00ba para el bienestar social\",\"publisher\":{\"@id\":\"https:\/\/www.laligadelaaccesibilidad.org\/#organization\"},\"potentialAction\":[{\"@type\":\"SearchAction\",\"target\":{\"@type\":\"EntryPoint\",\"urlTemplate\":\"https:\/\/www.laligadelaaccesibilidad.org\/?s={search_term_string}\"},\"query-input\":{\"@type\":\"PropertyValueSpecification\",\"valueRequired\":true,\"valueName\":\"search_term_string\"}}],\"inLanguage\":\"es\"},{\"@type\":\"Organization\",\"@id\":\"https:\/\/www.laligadelaaccesibilidad.org\/#organization\",\"name\":\"laligadelaaccesibilidad-org\",\"url\":\"https:\/\/www.laligadelaaccesibilidad.org\/\",\"logo\":{\"@type\":\"ImageObject\",\"inLanguage\":\"es\",\"@id\":\"https:\/\/www.laligadelaaccesibilidad.org\/#\/schema\/logo\/image\/\",\"url\":\"https:\/\/www.laligadelaaccesibilidad.org\/wp-content\/uploads\/2025\/05\/Alineat_color.png\",\"contentUrl\":\"https:\/\/www.laligadelaaccesibilidad.org\/wp-content\/uploads\/2025\/05\/Alineat_color.png\",\"width\":380,\"height\":120,\"caption\":\"laligadelaaccesibilidad-org\"},\"image\":{\"@id\":\"https:\/\/www.laligadelaaccesibilidad.org\/#\/schema\/logo\/image\/\"}}]}<\/script>\n<!-- \/ Yoast SEO plugin. -->","yoast_head_json":{"title":"Aviso legal - laligadelaaccesibilidad-org","robots":{"index":"index","follow":"follow","max-snippet":"max-snippet:-1","max-image-preview":"max-image-preview:large","max-video-preview":"max-video-preview:-1"},"canonical":"https:\/\/www.laligadelaaccesibilidad.org\/?page_id=570","og_locale":"es_ES","og_type":"article","og_title":"Aviso legal - laligadelaaccesibilidad-org","og_description":"Pol\u00edtica de privacidad Esta p\u00e1gina web es propiedad de EUROFIRMS GROUP, S.L.U. con domicilio en C. Pla de l\u2019Estany, 17 (17244 Cass\u00e0 de la Selva), NIF n\u00famero B55234694, inscrita en el Registro Mercantil de Girona en el Tomo 720, folio 169, hoja GI-13787. EUROFIRMS GROUP engloba a las siguientes empresas: CLAIRE JOSTER GROUP SLU \u2013 [&hellip;]","og_url":"https:\/\/www.laligadelaaccesibilidad.org\/?page_id=570","og_site_name":"laligadelaaccesibilidad-org","article_modified_time":"2025-05-26T14:21:28+00:00","twitter_card":"summary_large_image","twitter_misc":{"Tiempo de lectura":"6 minutos"},"schema":{"@context":"https:\/\/schema.org","@graph":[{"@type":"WebPage","@id":"https:\/\/www.laligadelaaccesibilidad.org\/?page_id=570","url":"https:\/\/www.laligadelaaccesibilidad.org\/?page_id=570","name":"Aviso legal - laligadelaaccesibilidad-org","isPartOf":{"@id":"https:\/\/www.laligadelaaccesibilidad.org\/#website"},"datePublished":"2025-05-26T14:19:53+00:00","dateModified":"2025-05-26T14:21:28+00:00","breadcrumb":{"@id":"https:\/\/www.laligadelaaccesibilidad.org\/?page_id=570#breadcrumb"},"inLanguage":"es","potentialAction":[{"@type":"ReadAction","target":["https:\/\/www.laligadelaaccesibilidad.org\/?page_id=570"]}]},{"@type":"BreadcrumbList","@id":"https:\/\/www.laligadelaaccesibilidad.org\/?page_id=570#breadcrumb","itemListElement":[{"@type":"ListItem","position":1,"name":"Portada","item":"https:\/\/www.laligadelaaccesibilidad.org\/"},{"@type":"ListItem","position":2,"name":"Aviso legal"}]},{"@type":"WebSite","@id":"https:\/\/www.laligadelaaccesibilidad.org\/#website","url":"https:\/\/www.laligadelaaccesibilidad.org\/","name":"laligadelaaccesibilidad-org","description":"Proyecto innovador 360\u00ba para el bienestar social","publisher":{"@id":"https:\/\/www.laligadelaaccesibilidad.org\/#organization"},"potentialAction":[{"@type":"SearchAction","target":{"@type":"EntryPoint","urlTemplate":"https:\/\/www.laligadelaaccesibilidad.org\/?s={search_term_string}"},"query-input":{"@type":"PropertyValueSpecification","valueRequired":true,"valueName":"search_term_string"}}],"inLanguage":"es"},{"@type":"Organization","@id":"https:\/\/www.laligadelaaccesibilidad.org\/#organization","name":"laligadelaaccesibilidad-org","url":"https:\/\/www.laligadelaaccesibilidad.org\/","logo":{"@type":"ImageObject","inLanguage":"es","@id":"https:\/\/www.laligadelaaccesibilidad.org\/#\/schema\/logo\/image\/","url":"https:\/\/www.laligadelaaccesibilidad.org\/wp-content\/uploads\/2025\/05\/Alineat_color.png","contentUrl":"https:\/\/www.laligadelaaccesibilidad.org\/wp-content\/uploads\/2025\/05\/Alineat_color.png","width":380,"height":120,"caption":"laligadelaaccesibilidad-org"},"image":{"@id":"https:\/\/www.laligadelaaccesibilidad.org\/#\/schema\/logo\/image\/"}}]}},"_links":{"self":[{"href":"https:\/\/www.laligadelaaccesibilidad.org\/index.php?rest_route=\/wp\/v2\/pages\/570","targetHints":{"allow":["GET"]}}],"collection":[{"href":"https:\/\/www.laligadelaaccesibilidad.org\/index.php?rest_route=\/wp\/v2\/pages"}],"about":[{"href":"https:\/\/www.laligadelaaccesibilidad.org\/index.php?rest_route=\/wp\/v2\/types\/page"}],"author":[{"embeddable":true,"href":"https:\/\/www.laligadelaaccesibilidad.org\/index.php?rest_route=\/wp\/v2\/users\/1"}],"replies":[{"embeddable":true,"href":"https:\/\/www.laligadelaaccesibilidad.org\/index.php?rest_route=%2Fwp%2Fv2%2Fcomments&post=570"}],"version-history":[{"count":6,"href":"https:\/\/www.laligadelaaccesibilidad.org\/index.php?rest_route=\/wp\/v2\/pages\/570\/revisions"}],"predecessor-version":[{"id":576,"href":"https:\/\/www.laligadelaaccesibilidad.org\/index.php?rest_route=\/wp\/v2\/pages\/570\/revisions\/576"}],"wp:attachment":[{"href":"https:\/\/www.laligadelaaccesibilidad.org\/index.php?rest_route=%2Fwp%2Fv2%2Fmedia&parent=570"}],"curies":[{"name":"wp","href":"https:\/\/api.w.org\/{rel}","templated":true}]}}