{"id":153,"date":"2025-05-09T13:59:34","date_gmt":"2025-05-09T11:59:34","guid":{"rendered":"https:\/\/www.laligadelaaccesibilidad.org\/?page_id=153"},"modified":"2025-06-05T12:19:16","modified_gmt":"2025-06-05T10:19:16","slug":"contacto","status":"publish","type":"page","link":"https:\/\/www.laligadelaaccesibilidad.org\/?page_id=153","title":{"rendered":"Contacto"},"content":{"rendered":"\t\t<div data-elementor-type=\"wp-page\" data-elementor-id=\"153\" class=\"elementor elementor-153\" data-elementor-post-type=\"page\">\n\t\t\t\t<div class=\"elementor-element elementor-element-99dc516 e-con-full e-flex e-con e-parent\" data-id=\"99dc516\" data-element_type=\"container\" data-settings=\"{&quot;background_background&quot;:&quot;classic&quot;}\">\n\t\t<div class=\"elementor-element elementor-element-d2ee6d8 e-con-full e-flex e-con e-child\" data-id=\"d2ee6d8\" data-element_type=\"container\">\n\t\t<div class=\"elementor-element elementor-element-b00343a e-flex e-con-boxed e-con e-child\" data-id=\"b00343a\" data-element_type=\"container\" data-settings=\"{&quot;background_background&quot;:&quot;classic&quot;}\">\n\t\t\t\t\t<div class=\"e-con-inner\">\n\t\t<div class=\"elementor-element elementor-element-faff30e e-con-full e-flex e-con e-child\" data-id=\"faff30e\" data-element_type=\"container\">\n\t\t\t\t<div class=\"elementor-element elementor-element-da859ae elementor-widget__width-initial elementor-widget elementor-widget-heading\" data-id=\"da859ae\" data-element_type=\"widget\" data-widget_type=\"heading.default\">\n\t\t\t\t<div class=\"elementor-widget-container\">\n\t\t\t\t\t<h1 class=\"elementor-heading-title elementor-size-default\">Contacta <b>con nuestro equipo<\/b><\/h1>\t\t\t\t<\/div>\n\t\t\t\t<\/div>\n\t\t\t\t<div class=\"elementor-element elementor-element-790f825 elementor-widget elementor-widget-text-editor\" data-id=\"790f825\" data-element_type=\"widget\" data-widget_type=\"text-editor.default\">\n\t\t\t\t<div class=\"elementor-widget-container\">\n\t\t\t\t\t\t\t\t\t<p>O puedes escribir un correo a:<\/p>\t\t\t\t\t\t\t\t<\/div>\n\t\t\t\t<\/div>\n\t\t\t\t<div class=\"elementor-element elementor-element-6aa1787 elementor-widget elementor-widget-text-editor\" data-id=\"6aa1787\" data-element_type=\"widget\" data-widget_type=\"text-editor.default\">\n\t\t\t\t<div class=\"elementor-widget-container\">\n\t\t\t\t\t\t\t\t\t<p><a href=\"mailto:info@laligadelaacesibilidad.org\">info@laligadelaacesibilidad.org<\/a><\/p>\t\t\t\t\t\t\t\t<\/div>\n\t\t\t\t<\/div>\n\t\t\t\t<\/div>\n\t\t<div class=\"elementor-element elementor-element-c702e17 e-con-full e-flex e-con e-child\" data-id=\"c702e17\" data-element_type=\"container\">\n\t\t<div class=\"elementor-element elementor-element-2202861 e-con-full e-flex e-con e-child\" data-id=\"2202861\" data-element_type=\"container\" data-settings=\"{&quot;background_background&quot;:&quot;classic&quot;}\">\n\t\t\t\t<div class=\"elementor-element elementor-element-52d8d49 elementor-button-align-start elementor-widget__width-initial elementor-widget elementor-widget-form\" data-id=\"52d8d49\" data-element_type=\"widget\" data-settings=\"{&quot;step_next_label&quot;:&quot;Siguiente&quot;,&quot;step_previous_label&quot;:&quot;Anterior&quot;,&quot;button_width&quot;:&quot;100&quot;,&quot;step_type&quot;:&quot;number_text&quot;,&quot;step_icon_shape&quot;:&quot;circle&quot;}\" data-widget_type=\"form.default\">\n\t\t\t\t<div class=\"elementor-widget-container\">\n\t\t\t\t\t\t\t<form class=\"elementor-form\" method=\"post\" name=\"Nuevo formulario\">\n\t\t\t<input type=\"hidden\" name=\"post_id\" value=\"153\"\/>\n\t\t\t<input type=\"hidden\" name=\"form_id\" value=\"52d8d49\"\/>\n\t\t\t<input type=\"hidden\" name=\"referer_title\" value=\"Contacto - laligadelaaccesibilidad-org\" \/>\n\n\t\t\t\t\t\t\t<input type=\"hidden\" name=\"queried_id\" value=\"153\"\/>\n\t\t\t\n\t\t\t<div class=\"elementor-form-fields-wrapper elementor-labels-\">\n\t\t\t\t\t\t\t\t<div class=\"elementor-field-type-text elementor-field-group elementor-column elementor-field-group-name elementor-col-50 elementor-field-required\">\n\t\t\t\t\t\t\t\t\t\t\t\t<label for=\"form-field-name\" class=\"elementor-field-label elementor-screen-only\">\n\t\t\t\t\t\t\t\tNombre\t\t\t\t\t\t\t<\/label>\n\t\t\t\t\t\t\t\t\t\t\t\t\t\t<input size=\"1\" type=\"text\" name=\"form_fields[name]\" id=\"form-field-name\" class=\"elementor-field elementor-size-sm  elementor-field-textual\" placeholder=\"Nombre\" required=\"required\">\n\t\t\t\t\t\t\t\t\t\t\t<\/div>\n\t\t\t\t\t\t\t\t<div class=\"elementor-field-type-email elementor-field-group elementor-column elementor-field-group-email elementor-col-50 elementor-field-required\">\n\t\t\t\t\t\t\t\t\t\t\t\t<label for=\"form-field-email\" class=\"elementor-field-label elementor-screen-only\">\n\t\t\t\t\t\t\t\tEmail\t\t\t\t\t\t\t<\/label>\n\t\t\t\t\t\t\t\t\t\t\t\t\t\t<input size=\"1\" type=\"email\" name=\"form_fields[email]\" id=\"form-field-email\" class=\"elementor-field elementor-size-sm  elementor-field-textual\" placeholder=\"Email\" required=\"required\">\n\t\t\t\t\t\t\t\t\t\t\t<\/div>\n\t\t\t\t\t\t\t\t<div class=\"elementor-field-type-text elementor-field-group elementor-column elementor-field-group-field_4cf1498 elementor-col-50 elementor-field-required\">\n\t\t\t\t\t\t\t\t\t\t\t\t<label for=\"form-field-field_4cf1498\" class=\"elementor-field-label elementor-screen-only\">\n\t\t\t\t\t\t\t\tEmpresa\t\t\t\t\t\t\t<\/label>\n\t\t\t\t\t\t\t\t\t\t\t\t\t\t<input size=\"1\" type=\"text\" name=\"form_fields[field_4cf1498]\" id=\"form-field-field_4cf1498\" class=\"elementor-field elementor-size-sm  elementor-field-textual\" placeholder=\"Empresa\" required=\"required\">\n\t\t\t\t\t\t\t\t\t\t\t<\/div>\n\t\t\t\t\t\t\t\t<div class=\"elementor-field-type-text elementor-field-group elementor-column elementor-field-group-field_f0a3138 elementor-col-50 elementor-field-required\">\n\t\t\t\t\t\t\t\t\t\t\t\t<label for=\"form-field-field_f0a3138\" class=\"elementor-field-label elementor-screen-only\">\n\t\t\t\t\t\t\t\tServicio\t\t\t\t\t\t\t<\/label>\n\t\t\t\t\t\t\t\t\t\t\t\t\t\t<input size=\"1\" type=\"text\" name=\"form_fields[field_f0a3138]\" id=\"form-field-field_f0a3138\" class=\"elementor-field elementor-size-sm  elementor-field-textual\" placeholder=\"Servicio\" required=\"required\">\n\t\t\t\t\t\t\t\t\t\t\t<\/div>\n\t\t\t\t\t\t\t\t<div class=\"elementor-field-type-tel elementor-field-group elementor-column elementor-field-group-field_9708545 elementor-col-50\">\n\t\t\t\t\t\t\t\t\t\t\t\t<label for=\"form-field-field_9708545\" class=\"elementor-field-label elementor-screen-only\">\n\t\t\t\t\t\t\t\tTel\u00e9fono\t\t\t\t\t\t\t<\/label>\n\t\t\t\t\t\t\t\t<input size=\"1\" type=\"tel\" name=\"form_fields[field_9708545]\" id=\"form-field-field_9708545\" class=\"elementor-field elementor-size-sm  elementor-field-textual\" placeholder=\"Tel\u00e9fono\" pattern=\"[0-9()#&amp;+*-=.]+\" title=\"Solo se aceptan n\u00fameros y caracteres de tel\u00e9fono (#,-,*,etc).\">\n\n\t\t\t\t\t\t<\/div>\n\t\t\t\t\t\t\t\t<div class=\"elementor-field-type-text elementor-field-group elementor-column elementor-field-group-field_afcbe79 elementor-col-50 elementor-field-required\">\n\t\t\t\t\t\t\t\t\t\t\t\t<label for=\"form-field-field_afcbe79\" class=\"elementor-field-label elementor-screen-only\">\n\t\t\t\t\t\t\t\tC\u00f3digo postal\t\t\t\t\t\t\t<\/label>\n\t\t\t\t\t\t\t\t\t\t\t\t\t\t<input size=\"1\" type=\"text\" name=\"form_fields[field_afcbe79]\" id=\"form-field-field_afcbe79\" class=\"elementor-field elementor-size-sm  elementor-field-textual\" placeholder=\"C\u00f3digo postal\" required=\"required\">\n\t\t\t\t\t\t\t\t\t\t\t<\/div>\n\t\t\t\t\t\t\t\t<div class=\"elementor-field-type-select elementor-field-group elementor-column elementor-field-group-field_f0cbb39 elementor-col-100 elementor-field-required\">\n\t\t\t\t\t\t\t\t\t\t\t\t<label for=\"form-field-field_f0cbb39\" class=\"elementor-field-label elementor-screen-only\">\n\t\t\t\t\t\t\t\tOs contacto desde...\t\t\t\t\t\t\t<\/label>\n\t\t\t\t\t\t\t\t<div class=\"elementor-field elementor-select-wrapper remove-before \">\n\t\t\t<div class=\"select-caret-down-wrapper\">\n\t\t\t\t<svg aria-hidden=\"true\" class=\"e-font-icon-svg e-eicon-caret-down\" viewBox=\"0 0 571.4 571.4\" xmlns=\"http:\/\/www.w3.org\/2000\/svg\"><path d=\"M571 393Q571 407 561 418L311 668Q300 679 286 679T261 668L11 418Q0 407 0 393T11 368 36 357H536Q550 357 561 368T571 393Z\"><\/path><\/svg>\t\t\t<\/div>\n\t\t\t<select name=\"form_fields[field_f0cbb39]\" id=\"form-field-field_f0cbb39\" class=\"elementor-field-textual elementor-size-sm\" required=\"required\">\n\t\t\t\t\t\t\t\t\t<option value=\" \">Os contacto desde...<\/option>\n\t\t\t\t\t\t\t\t\t<option value=\"Un centro educativo\">Un centro educativo<\/option>\n\t\t\t\t\t\t\t\t\t<option value=\"Una instituci\u00f3n p\u00fablica\">Una instituci\u00f3n p\u00fablica<\/option>\n\t\t\t\t\t\t\t\t\t<option value=\"Una empresa\">Una empresa<\/option>\n\t\t\t\t\t\t\t\t\t<option value=\"Otros\">Otros<\/option>\n\t\t\t\t\t\t\t\t\t<option value=\"\"><\/option>\n\t\t\t\t\t\t\t<\/select>\n\t\t<\/div>\n\t\t\t\t\t\t<\/div>\n\t\t\t\t\t\t\t\t<div class=\"elementor-field-type-textarea elementor-field-group elementor-column elementor-field-group-message elementor-col-100\">\n\t\t\t\t\t\t\t\t\t\t\t\t<label for=\"form-field-message\" class=\"elementor-field-label elementor-screen-only\">\n\t\t\t\t\t\t\t\tMensaje\t\t\t\t\t\t\t<\/label>\n\t\t\t\t\t\t<textarea class=\"elementor-field-textual elementor-field  elementor-size-sm\" name=\"form_fields[message]\" id=\"form-field-message\" rows=\"4\" placeholder=\"Escribe cualquier aclaraci\u00f3n adicional*\"><\/textarea>\t\t\t\t<\/div>\n\t\t\t\t\t\t\t\t<div class=\"elementor-field-type-html elementor-field-group elementor-column elementor-field-group-field_896b5af elementor-col-100\">\n\t\t\t\t\t<p style=\"font-size:10px; color:#666;\">Informaci\u00f3n protecci\u00f3n de datos de Eurofirms Group\n\nFinalidades: Env\u00edo de nuestro bolet\u00edn comercial y de comunicaciones informativas y publicitarias sobre nuestros productos o servicios que sean de su inter\u00e9s, incluso por medios electr\u00f3nicos. Derechos: Puede retirar su consentimiento en cualquier momento, as\u00ed como acceder, rectificar, suprimir sus datos y dem\u00e1s derechos en <a style=\"font-weight:600; color:#F95580;\">dpo@eurofirms.es<\/a>. Informaci\u00f3n Adicional: Puede ampliar la informaci\u00f3n en el enlace de pol\u00edtica de privacidad.\n<\/p>\t\t\t\t<\/div>\n\t\t\t\t\t\t\t\t<div class=\"elementor-field-type-acceptance elementor-field-group elementor-column elementor-field-group-field_e0459ad elementor-col-100 elementor-field-required\">\n\t\t\t\t\t\t\t<div class=\"elementor-field-subgroup\">\n\t\t\t<span class=\"elementor-field-option\">\n\t\t\t\t<input type=\"checkbox\" name=\"form_fields[field_e0459ad]\" id=\"form-field-field_e0459ad\" class=\"elementor-field elementor-size-sm  elementor-acceptance-field\" required=\"required\">\n\t\t\t\t<label for=\"form-field-field_e0459ad\"><span style=\"font-size:10px; color:#666;\">He le\u00eddo y acepto la\u00a0<a style=\"font-weight:600; color:#F95580;\">Pol\u00edtica de Privacidad<\/a><\/span><\/label>\t\t\t<\/span>\n\t\t<\/div>\n\t\t\t\t\t\t<\/div>\n\t\t\t\t\t\t\t\t<div class=\"elementor-field-type-acceptance elementor-field-group elementor-column elementor-field-group-field_325381a elementor-col-100\">\n\t\t\t\t\t\t\t<div class=\"elementor-field-subgroup\">\n\t\t\t<span class=\"elementor-field-option\">\n\t\t\t\t<input type=\"checkbox\" name=\"form_fields[field_325381a]\" id=\"form-field-field_325381a\" class=\"elementor-field elementor-size-sm  elementor-acceptance-field\">\n\t\t\t\t<label for=\"form-field-field_325381a\"><span style=\"font-size:10px; color:#666;\">Acepto recibir informaci\u00f3n comercial, incluso por medios electr\u00f3nicos.<\/span><\/label>\t\t\t<\/span>\n\t\t<\/div>\n\t\t\t\t\t\t<\/div>\n\t\t\t\t\t\t\t\t<div class=\"elementor-field-group elementor-column elementor-field-type-submit elementor-col-100 e-form__buttons\">\n\t\t\t\t\t<button class=\"elementor-button elementor-size-sm\" type=\"submit\">\n\t\t\t\t\t\t<span class=\"elementor-button-content-wrapper\">\n\t\t\t\t\t\t\t\t\t\t\t\t\t\t\t\t\t\t\t\t\t\t<span class=\"elementor-button-text\">Enviar<\/span>\n\t\t\t\t\t\t\t\t\t\t\t\t\t<\/span>\n\t\t\t\t\t<\/button>\n\t\t\t\t<\/div>\n\t\t\t<\/div>\n\t\t<\/form>\n\t\t\t\t\t\t<\/div>\n\t\t\t\t<\/div>\n\t\t\t\t<\/div>\n\t\t\t\t<\/div>\n\t\t\t\t\t<\/div>\n\t\t\t\t<\/div>\n\t\t\t\t<\/div>\n\t\t\t\t<\/div>\n\t\t<div class=\"elementor-element elementor-element-3dbc2d75 e-con-full e-flex e-con e-parent\" data-id=\"3dbc2d75\" data-element_type=\"container\" data-settings=\"{&quot;background_background&quot;:&quot;classic&quot;,&quot;shape_divider_top&quot;:&quot;curve-asymmetrical&quot;,&quot;shape_divider_top_negative&quot;:&quot;yes&quot;}\">\n\t\t\t\t<div class=\"elementor-shape elementor-shape-top\" data-negative=\"true\">\n\t\t\t<svg xmlns=\"http:\/\/www.w3.org\/2000\/svg\" viewBox=\"0 0 1000 100\" preserveAspectRatio=\"none\">\n\t<path class=\"elementor-shape-fill\" d=\"M615.2,96.7C240.2,97.8,0,18.9,0,0v100h1000V0C1000,19.2,989.8,96,615.2,96.7z\"\/>\n<\/svg>\t\t<\/div>\n\t\t<div class=\"elementor-element elementor-element-4a7df47f e-con-full e-flex e-con e-child\" data-id=\"4a7df47f\" data-element_type=\"container\">\n\t\t<div class=\"elementor-element elementor-element-e65e2db e-flex e-con-boxed e-con e-child\" data-id=\"e65e2db\" data-element_type=\"container\">\n\t\t\t\t\t<div class=\"e-con-inner\">\n\t\t<div class=\"elementor-element elementor-element-1355e2d5 e-con-full e-flex e-con e-child\" data-id=\"1355e2d5\" data-element_type=\"container\">\n\t\t\t\t<\/div>\n\t\t\t\t\t<\/div>\n\t\t\t\t<\/div>\n\t\t\t\t<\/div>\n\t\t\t\t<\/div>\n\t\t\t\t<\/div>\n\t\t","protected":false},"excerpt":{"rendered":"<p>Contacta con nuestro equipo O puedes escribir un correo a: info@laligadelaacesibilidad.org<\/p>\n","protected":false},"author":1,"featured_media":0,"parent":0,"menu_order":0,"comment_status":"closed","ping_status":"closed","template":"","meta":{"footnotes":""},"class_list":["post-153","page","type-page","status-publish","hentry"],"yoast_head":"<!-- This site is optimized with the Yoast SEO plugin v25.1 - https:\/\/yoast.com\/wordpress\/plugins\/seo\/ -->\n<title>Contacto - laligadelaaccesibilidad-org<\/title>\n<meta name=\"robots\" content=\"index, follow, max-snippet:-1, max-image-preview:large, max-video-preview:-1\" \/>\n<link rel=\"canonical\" href=\"https:\/\/www.laligadelaaccesibilidad.org\/?page_id=153\" \/>\n<meta property=\"og:locale\" content=\"es_ES\" \/>\n<meta property=\"og:type\" content=\"article\" \/>\n<meta property=\"og:title\" content=\"Contacto - laligadelaaccesibilidad-org\" \/>\n<meta property=\"og:description\" content=\"Contacta con nuestro equipo O puedes escribir un correo a: info@laligadelaacesibilidad.org\" \/>\n<meta property=\"og:url\" content=\"https:\/\/www.laligadelaaccesibilidad.org\/?page_id=153\" \/>\n<meta property=\"og:site_name\" content=\"laligadelaaccesibilidad-org\" \/>\n<meta property=\"article:modified_time\" content=\"2025-06-05T10:19:16+00:00\" \/>\n<meta name=\"twitter:card\" content=\"summary_large_image\" \/>\n<meta name=\"twitter:label1\" content=\"Tiempo de lectura\" \/>\n\t<meta name=\"twitter:data1\" content=\"1 minuto\" \/>\n<script type=\"application\/ld+json\" class=\"yoast-schema-graph\">{\"@context\":\"https:\/\/schema.org\",\"@graph\":[{\"@type\":\"WebPage\",\"@id\":\"https:\/\/www.laligadelaaccesibilidad.org\/?page_id=153\",\"url\":\"https:\/\/www.laligadelaaccesibilidad.org\/?page_id=153\",\"name\":\"Contacto - laligadelaaccesibilidad-org\",\"isPartOf\":{\"@id\":\"https:\/\/www.laligadelaaccesibilidad.org\/#website\"},\"datePublished\":\"2025-05-09T11:59:34+00:00\",\"dateModified\":\"2025-06-05T10:19:16+00:00\",\"breadcrumb\":{\"@id\":\"https:\/\/www.laligadelaaccesibilidad.org\/?page_id=153#breadcrumb\"},\"inLanguage\":\"es\",\"potentialAction\":[{\"@type\":\"ReadAction\",\"target\":[\"https:\/\/www.laligadelaaccesibilidad.org\/?page_id=153\"]}]},{\"@type\":\"BreadcrumbList\",\"@id\":\"https:\/\/www.laligadelaaccesibilidad.org\/?page_id=153#breadcrumb\",\"itemListElement\":[{\"@type\":\"ListItem\",\"position\":1,\"name\":\"Portada\",\"item\":\"https:\/\/www.laligadelaaccesibilidad.org\/\"},{\"@type\":\"ListItem\",\"position\":2,\"name\":\"Contacto\"}]},{\"@type\":\"WebSite\",\"@id\":\"https:\/\/www.laligadelaaccesibilidad.org\/#website\",\"url\":\"https:\/\/www.laligadelaaccesibilidad.org\/\",\"name\":\"laligadelaaccesibilidad-org\",\"description\":\"Proyecto innovador 360\u00ba para el bienestar social\",\"publisher\":{\"@id\":\"https:\/\/www.laligadelaaccesibilidad.org\/#organization\"},\"potentialAction\":[{\"@type\":\"SearchAction\",\"target\":{\"@type\":\"EntryPoint\",\"urlTemplate\":\"https:\/\/www.laligadelaaccesibilidad.org\/?s={search_term_string}\"},\"query-input\":{\"@type\":\"PropertyValueSpecification\",\"valueRequired\":true,\"valueName\":\"search_term_string\"}}],\"inLanguage\":\"es\"},{\"@type\":\"Organization\",\"@id\":\"https:\/\/www.laligadelaaccesibilidad.org\/#organization\",\"name\":\"laligadelaaccesibilidad-org\",\"url\":\"https:\/\/www.laligadelaaccesibilidad.org\/\",\"logo\":{\"@type\":\"ImageObject\",\"inLanguage\":\"es\",\"@id\":\"https:\/\/www.laligadelaaccesibilidad.org\/#\/schema\/logo\/image\/\",\"url\":\"https:\/\/www.laligadelaaccesibilidad.org\/wp-content\/uploads\/2025\/05\/Alineat_color.png\",\"contentUrl\":\"https:\/\/www.laligadelaaccesibilidad.org\/wp-content\/uploads\/2025\/05\/Alineat_color.png\",\"width\":380,\"height\":120,\"caption\":\"laligadelaaccesibilidad-org\"},\"image\":{\"@id\":\"https:\/\/www.laligadelaaccesibilidad.org\/#\/schema\/logo\/image\/\"}}]}<\/script>\n<!-- \/ Yoast SEO plugin. -->","yoast_head_json":{"title":"Contacto - laligadelaaccesibilidad-org","robots":{"index":"index","follow":"follow","max-snippet":"max-snippet:-1","max-image-preview":"max-image-preview:large","max-video-preview":"max-video-preview:-1"},"canonical":"https:\/\/www.laligadelaaccesibilidad.org\/?page_id=153","og_locale":"es_ES","og_type":"article","og_title":"Contacto - laligadelaaccesibilidad-org","og_description":"Contacta con nuestro equipo O puedes escribir un correo a: info@laligadelaacesibilidad.org","og_url":"https:\/\/www.laligadelaaccesibilidad.org\/?page_id=153","og_site_name":"laligadelaaccesibilidad-org","article_modified_time":"2025-06-05T10:19:16+00:00","twitter_card":"summary_large_image","twitter_misc":{"Tiempo de lectura":"1 minuto"},"schema":{"@context":"https:\/\/schema.org","@graph":[{"@type":"WebPage","@id":"https:\/\/www.laligadelaaccesibilidad.org\/?page_id=153","url":"https:\/\/www.laligadelaaccesibilidad.org\/?page_id=153","name":"Contacto - laligadelaaccesibilidad-org","isPartOf":{"@id":"https:\/\/www.laligadelaaccesibilidad.org\/#website"},"datePublished":"2025-05-09T11:59:34+00:00","dateModified":"2025-06-05T10:19:16+00:00","breadcrumb":{"@id":"https:\/\/www.laligadelaaccesibilidad.org\/?page_id=153#breadcrumb"},"inLanguage":"es","potentialAction":[{"@type":"ReadAction","target":["https:\/\/www.laligadelaaccesibilidad.org\/?page_id=153"]}]},{"@type":"BreadcrumbList","@id":"https:\/\/www.laligadelaaccesibilidad.org\/?page_id=153#breadcrumb","itemListElement":[{"@type":"ListItem","position":1,"name":"Portada","item":"https:\/\/www.laligadelaaccesibilidad.org\/"},{"@type":"ListItem","position":2,"name":"Contacto"}]},{"@type":"WebSite","@id":"https:\/\/www.laligadelaaccesibilidad.org\/#website","url":"https:\/\/www.laligadelaaccesibilidad.org\/","name":"laligadelaaccesibilidad-org","description":"Proyecto innovador 360\u00ba para el bienestar social","publisher":{"@id":"https:\/\/www.laligadelaaccesibilidad.org\/#organization"},"potentialAction":[{"@type":"SearchAction","target":{"@type":"EntryPoint","urlTemplate":"https:\/\/www.laligadelaaccesibilidad.org\/?s={search_term_string}"},"query-input":{"@type":"PropertyValueSpecification","valueRequired":true,"valueName":"search_term_string"}}],"inLanguage":"es"},{"@type":"Organization","@id":"https:\/\/www.laligadelaaccesibilidad.org\/#organization","name":"laligadelaaccesibilidad-org","url":"https:\/\/www.laligadelaaccesibilidad.org\/","logo":{"@type":"ImageObject","inLanguage":"es","@id":"https:\/\/www.laligadelaaccesibilidad.org\/#\/schema\/logo\/image\/","url":"https:\/\/www.laligadelaaccesibilidad.org\/wp-content\/uploads\/2025\/05\/Alineat_color.png","contentUrl":"https:\/\/www.laligadelaaccesibilidad.org\/wp-content\/uploads\/2025\/05\/Alineat_color.png","width":380,"height":120,"caption":"laligadelaaccesibilidad-org"},"image":{"@id":"https:\/\/www.laligadelaaccesibilidad.org\/#\/schema\/logo\/image\/"}}]}},"_links":{"self":[{"href":"https:\/\/www.laligadelaaccesibilidad.org\/index.php?rest_route=\/wp\/v2\/pages\/153","targetHints":{"allow":["GET"]}}],"collection":[{"href":"https:\/\/www.laligadelaaccesibilidad.org\/index.php?rest_route=\/wp\/v2\/pages"}],"about":[{"href":"https:\/\/www.laligadelaaccesibilidad.org\/index.php?rest_route=\/wp\/v2\/types\/page"}],"author":[{"embeddable":true,"href":"https:\/\/www.laligadelaaccesibilidad.org\/index.php?rest_route=\/wp\/v2\/users\/1"}],"replies":[{"embeddable":true,"href":"https:\/\/www.laligadelaaccesibilidad.org\/index.php?rest_route=%2Fwp%2Fv2%2Fcomments&post=153"}],"version-history":[{"count":76,"href":"https:\/\/www.laligadelaaccesibilidad.org\/index.php?rest_route=\/wp\/v2\/pages\/153\/revisions"}],"predecessor-version":[{"id":781,"href":"https:\/\/www.laligadelaaccesibilidad.org\/index.php?rest_route=\/wp\/v2\/pages\/153\/revisions\/781"}],"wp:attachment":[{"href":"https:\/\/www.laligadelaaccesibilidad.org\/index.php?rest_route=%2Fwp%2Fv2%2Fmedia&parent=153"}],"curies":[{"name":"wp","href":"https:\/\/api.w.org\/{rel}","templated":true}]}}